{"id":1572,"date":"2017-03-13T11:55:38","date_gmt":"2017-03-13T10:55:38","guid":{"rendered":"https:\/\/www.k-1.bz\/home\/"},"modified":"2021-04-30T10:35:32","modified_gmt":"2021-04-30T08:35:32","slug":"home","status":"publish","type":"page","link":"https:\/\/k-1.bz\/en\/home\/","title":{"rendered":"Home"},"content":{"rendered":"<p>[et_pb_section fb_built=&#8221;1&#8243; fullwidth=&#8221;on&#8221; _builder_version=&#8221;3.22&#8243;][et_pb_fullwidth_header text_orientation=&#8221;center&#8221; header_fullscreen=&#8221;on&#8221; header_scroll_down=&#8221;on&#8221; scroll_down_icon=&#8221;%%2%%&#8221; _builder_version=&#8221;3.16&#8243; background_color=&#8221;rgba(255, 255, 255, 0)&#8221; background_image=&#8221;https:\/\/www.k-1.bz\/wp-content\/uploads\/2017\/01\/home-header.jpg&#8221; parallax=&#8221;on&#8221; parallax_method=&#8221;on&#8221; background_url=&#8221;https:\/\/www.k-1.bz\/wp-content\/uploads\/2017\/01\/home-header.jpg&#8221; button_one_letter_spacing_hover=&#8221;0&#8243; button_two_letter_spacing_hover=&#8221;0&#8243; button_one_text_size__hover_enabled=&#8221;off&#8221; button_one_text_size__hover=&#8221;null&#8221; button_two_text_size__hover_enabled=&#8221;off&#8221; button_two_text_size__hover=&#8221;null&#8221; button_one_text_color__hover_enabled=&#8221;off&#8221; button_one_text_color__hover=&#8221;null&#8221; button_two_text_color__hover_enabled=&#8221;off&#8221; button_two_text_color__hover=&#8221;null&#8221; button_one_border_width__hover_enabled=&#8221;off&#8221; button_one_border_width__hover=&#8221;null&#8221; button_two_border_width__hover_enabled=&#8221;off&#8221; button_two_border_width__hover=&#8221;null&#8221; button_one_border_color__hover_enabled=&#8221;off&#8221; button_one_border_color__hover=&#8221;null&#8221; button_two_border_color__hover_enabled=&#8221;off&#8221; button_two_border_color__hover=&#8221;null&#8221; button_one_border_radius__hover_enabled=&#8221;off&#8221; button_one_border_radius__hover=&#8221;null&#8221; button_two_border_radius__hover_enabled=&#8221;off&#8221; button_two_border_radius__hover=&#8221;null&#8221; button_one_letter_spacing__hover_enabled=&#8221;on&#8221; button_one_letter_spacing__hover=&#8221;0&#8243; button_two_letter_spacing__hover_enabled=&#8221;on&#8221; button_two_letter_spacing__hover=&#8221;0&#8243; button_one_bg_color__hover_enabled=&#8221;off&#8221; button_one_bg_color__hover=&#8221;null&#8221; button_two_bg_color__hover_enabled=&#8221;off&#8221; button_two_bg_color__hover=&#8221;null&#8221;]<!--\n<code><iframe loading=\"lazy\" src=\"https:\/\/www.youtube.com\/embed\/8uW0p9sdKbU?autoplay=1\" allowfullscreen=\"allowfullscreen\" frameborder=\"0\" height=\"60%\" width=\"100%\"><\/iframe><\/code>\n\n\n<h1>&nbsp;<\/h1>\n\n\n\n\n<h1><em>Marco Wagner LIVE<\/em>\n<em>Sunday, 02.04.2017 from 14:30 h<\/em><\/h1>\n\n\n--><\/p>\n<h1><\/h1>\n<h1><em>Direct from the ski slope<br \/>\nto fun and pleasure<\/em><\/h1>\n<p>[\/et_pb_fullwidth_header][\/et_pb_section][et_pb_section fb_built=&#8221;1&#8243; _builder_version=&#8221;3.22&#8243; background_image=&#8221;https:\/\/www.k-1.bz\/wp-content\/uploads\/2017\/01\/home-bg-winter.jpg&#8221; parallax=&#8221;on&#8221; transparent_background=&#8221;off&#8221;][et_pb_row column_structure=&#8221;1_4,1_2,1_4&#8243; _builder_version=&#8221;3.25&#8243; background_size=&#8221;initial&#8221; background_position=&#8221;top_left&#8221; background_repeat=&#8221;repeat&#8221;][et_pb_column type=&#8221;1_4&#8243; _builder_version=&#8221;3.25&#8243; custom_padding=&#8221;|||&#8221; custom_padding__hover=&#8221;|||&#8221;][\/et_pb_column][et_pb_column type=&#8221;1_2&#8243; _builder_version=&#8221;3.25&#8243; custom_padding=&#8221;|||&#8221; custom_padding__hover=&#8221;|||&#8221;][et_pb_image src=&#8221;https:\/\/www.k-1.bz\/wp-content\/uploads\/2017\/01\/Skibrille.png&#8221; align=&#8221;center&#8221; align_tablet=&#8221;center&#8221; align_phone=&#8221;&#8221; align_last_edited=&#8221;on|desktop&#8221; admin_label=&#8221;Bild Skibrille&#8221; _builder_version=&#8221;3.23&#8243; max_width=&#8221;160px&#8221; animation_style=&#8221;slide&#8221; animation_direction=&#8221;top&#8221; animation_duration=&#8221;500ms&#8221; animation_intensity_slide=&#8221;10%&#8221; animation=&#8221;top&#8221; sticky=&#8221;off&#8221; use_border_color=&#8221;off&#8221; border_color=&#8221;#ffffff&#8221; border_style=&#8221;solid&#8221;][\/et_pb_image][et_pb_text admin_label=&#8221;WILLKOMMEN IM K1 in Reischach&#8221; _builder_version=&#8221;4.2.2&#8243; background_size=&#8221;initial&#8221; background_position=&#8221;top_left&#8221; background_repeat=&#8221;repeat&#8221; text_orientation=&#8221;center&#8221; module_alignment=&#8221;center&#8221; hover_enabled=&#8221;0&#8243; use_border_color=&#8221;off&#8221; border_color=&#8221;#ffffff&#8221; border_style=&#8221;solid&#8221;]<\/p>\n<p><strong>WELCOME TO <\/strong><\/p>\n<h2><em><span style=\"color: #c01011;\">K1 in Reischach<\/span><\/em><\/h2>\n<p>The largest apr\u00e8s ski resort in South Tyrol awaits you right at the bottom station of Kronplatz in Reischach. After a perfect ski run down to the valley on the Sylvester or Herrnegg slope, your thighs start to burn and your dry throat searches for something to quench your thirst. You look around \u2013 and THERE it is! &#8211; a huge sun terrace, you smell the unmistakable aroma of pizza made in a brick oven and you sit down &#8230;<\/p>\n<p>&nbsp;<\/p>\n<p><a href=\"https:\/\/www.k-1.bz\/en\/restaurant\/\"><strong>Hot food &amp; pizza<\/strong><\/a><a href=\"https:\/\/www.k-1.bz\/en\/restaurant\/\"><strong>:<br \/> <\/strong><\/a>We now offer a large variety of dishes and pizzas for delivery and take-away!<br \/> Delivery &amp; take-away on FRIDAY, SATURDAY &amp; SUNDAY evening<\/p>\n<p><a href=\"https:\/\/www.k-1.bz\/en\/k1-brunch\/\"><strong>K1 Brunch:<br \/> <\/strong><\/a>SATURDAY &amp; SUNDAY<br \/> Delivery in the morning. Only\u00a0<span class=\"s1\">for take-away or delivery (the order must be placed until 4 pm of the day before)<br \/>Also available on site (Saturday &amp; Sunday from 08:00 &#8211; 11:00, by reservation only).<\/p>\n<p><strong>Beer garden feeling on our terrace:<\/strong><br \/>FRIDAY from 17:00 &#8211; 22:00<br \/>SATURDAY &amp; SUNDAY from 08:00 &#8211; 22:00<br \/>We ask you to follow the current COVID-19 rules.<br \/><\/span><\/p>\n<h2><span><a href=\"https:\/\/www.foodbooking.com\/ordering\/restaurant\/menu\/info?restaurant_uid=f87a4061-3457-496a-8ef9-0ae3a981b209&amp;glfa_cid=53891805.1602580086&amp;glfa_t=1616050505866\" target=\"_blank\" rel=\"noopener noreferrer\"><strong><span style=\"color: #993300;\">VISIT THE K1 ONLINE SHOP<\/span><\/strong><\/a><\/span><\/h2>\n<p><span style=\"color: #000000;\">Order via telephone: +39 0474 549 101<\/span><\/p>\n<p><span style=\"color: #993300;\"><em>Due to the current situation surrounding the coronavirus, the apres ski area remains closed during the 2020\/21 winter season.<\/em><\/span><\/p>\n<p>[\/et_pb_text][\/et_pb_column][et_pb_column type=&#8221;1_4&#8243; _builder_version=&#8221;3.25&#8243; custom_padding=&#8221;|||&#8221; custom_padding__hover=&#8221;|||&#8221;][\/et_pb_column][\/et_pb_row][et_pb_row _builder_version=&#8221;4.2.2&#8243;][et_pb_column type=&#8221;4_4&#8243; _builder_version=&#8221;4.2.2&#8243;][et_pb_button button_url=&#8221;https:\/\/www.k-1.bz\/en\/covid-19-measures\/&#8221; button_text=&#8221;Covid-19 Rules&#8221; button_alignment=&#8221;center&#8221; _builder_version=&#8221;4.2.2&#8243; animation_style=&#8221;slide&#8221;][\/et_pb_button][\/et_pb_column][\/et_pb_row][\/et_pb_section][et_pb_section fb_built=&#8221;1&#8243; _builder_version=&#8221;3.22&#8243; background_image=&#8221;https:\/\/www.k-1.bz\/wp-content\/uploads\/2017\/01\/schlutza-bg.jpg&#8221; custom_padding=&#8221;0px|0px|0px|0px&#8221; transparent_background=&#8221;off&#8221;][et_pb_row column_structure=&#8221;1_2,1_2&#8243; use_custom_gutter=&#8221;on&#8221; gutter_width=&#8221;0&#8243; make_equal=&#8221;on&#8221; module_class=&#8221; et_pb_row_fullwidth&#8221; _builder_version=&#8221;3.25&#8243; background_size=&#8221;initial&#8221; background_position=&#8221;top_left&#8221; background_repeat=&#8221;repeat&#8221; width=&#8221;100%&#8221; width_tablet=&#8221;100%&#8221; width_phone=&#8221;&#8221; width_last_edited=&#8221;on|desktop&#8221; max_width=&#8221;100%&#8221; max_width_tablet=&#8221;100%&#8221; max_width_phone=&#8221;&#8221; max_width_last_edited=&#8221;on|desktop&#8221; custom_padding=&#8221;0px|0px|0px|0px&#8221; make_fullwidth=&#8221;on&#8221; collapsed=&#8221;off&#8221;][et_pb_column type=&#8221;1_2&#8243; _builder_version=&#8221;3.25&#8243; custom_padding=&#8221;|||&#8221; custom_padding__hover=&#8221;|||&#8221;][et_pb_blurb url=&#8221;https:\/\/www.k-1.bz\/en\/restaurant-pizzeria-kronplatz\/&#8221; image=&#8221;https:\/\/www.k-1.bz\/wp-content\/uploads\/2017\/01\/Tomatilan.png&#8221; admin_label=&#8221;Restaurant &#038; Pizzeria&#8221; _builder_version=&#8221;4.2.2&#8243; background_image=&#8221;https:\/\/www.k-1.bz\/wp-content\/uploads\/2020\/12\/K1_home_restaurant.jpg&#8221; background_size=&#8221;initial&#8221; background_position=&#8221;top_left&#8221; background_repeat=&#8221;repeat&#8221; text_orientation=&#8221;center&#8221; background_layout=&#8221;dark&#8221; custom_padding=&#8221;130px|130px|130px|130px&#8221; use_border_color=&#8221;off&#8221; border_color=&#8221;#ffffff&#8221; border_style=&#8221;inset&#8221;]<\/p>\n<h2 style=\"text-align: center;\"><a href=\"https:\/\/www.k-1.bz\/en\/restaurant\/\"><em>Restaurant &amp; Pizzeria<\/em><\/a><\/h2>\n<p>[\/et_pb_blurb][et_pb_blurb url=&#8221;https:\/\/www.k-1.bz\/en\/k1-brunch\/&#8221; image=&#8221;https:\/\/www.k-1.bz\/wp-content\/uploads\/2020\/12\/K1_Icons_brunch.png&#8221; admin_label=&#8221;Restaurant &#038; Pizzeria&#8221; _builder_version=&#8221;4.2.2&#8243; background_image=&#8221;https:\/\/www.k-1.bz\/wp-content\/uploads\/2020\/12\/K1_Icons_brunch.jpg&#8221; background_size=&#8221;initial&#8221; background_position=&#8221;top_left&#8221; background_repeat=&#8221;repeat&#8221; text_orientation=&#8221;center&#8221; background_layout=&#8221;dark&#8221; custom_padding=&#8221;130px|130px|130px|130px&#8221; use_border_color=&#8221;off&#8221; border_color=&#8221;#ffffff&#8221; border_style=&#8221;inset&#8221;]<\/p>\n<h2 style=\"text-align: center;\"><a href=\"https:\/\/www.k-1.bz\/en\/k1-brunch\/\"><em>K1 Brunch<\/em><\/a><\/h2>\n<p>[\/et_pb_blurb][\/et_pb_column][et_pb_column type=&#8221;1_2&#8243; _builder_version=&#8221;3.25&#8243; custom_padding=&#8221;|||&#8221; custom_padding_last_edited=&#8221;off|desktop&#8221; custom_padding__hover=&#8221;|||&#8221;][et_pb_blurb url=&#8221;https:\/\/www.k-1.bz\/en\/k1-winter-wonderland\/&#8221; image=&#8221;https:\/\/www.k-1.bz\/wp-content\/uploads\/2020\/12\/K1_Icons_Winterwonderland.png&#8221; admin_label=&#8221;Apr\u00e8s Ski &#038; Nightlife&#8221; _builder_version=&#8221;4.2.2&#8243; background_color=&#8221;#420907&#8243; background_image=&#8221;https:\/\/www.k-1.bz\/wp-content\/uploads\/2020\/12\/K1_Weihnachtszauber-1.jpg&#8221; background_size=&#8221;initial&#8221; background_position=&#8221;top_left&#8221; background_repeat=&#8221;repeat&#8221; text_orientation=&#8221;center&#8221; background_layout=&#8221;dark&#8221; custom_padding=&#8221;130px|130px|130px|130px&#8221; use_border_color=&#8221;off&#8221; border_color=&#8221;#ffffff&#8221; border_style=&#8221;inset&#8221;]<\/p>\n<h2 style=\"text-align: center;\"><a href=\"https:\/\/www.k-1.bz\/en\/k1-winter-wonderland\/\">K1 \u2013 Winter wonderland<\/a><\/h2>\n<p>[\/et_pb_blurb][et_pb_blurb url=&#8221;https:\/\/www.k-1.bz\/en\/apres-ski-suedtirol\/&#8221; image=&#8221;https:\/\/www.k-1.bz\/wp-content\/uploads\/2017\/01\/bierchen.png&#8221; admin_label=&#8221;Apr\u00e8s Ski &#038; Nightlife&#8221; _builder_version=&#8221;4.2.2&#8243; background_color=&#8221;#420907&#8243; background_image=&#8221;https:\/\/www.k-1.bz\/wp-content\/uploads\/2020\/12\/K1_home_apresski.jpg&#8221; background_size=&#8221;initial&#8221; background_position=&#8221;top_left&#8221; background_repeat=&#8221;repeat&#8221; text_orientation=&#8221;center&#8221; background_layout=&#8221;dark&#8221; custom_padding=&#8221;130px|130px|130px|130px&#8221; use_border_color=&#8221;off&#8221; border_color=&#8221;#ffffff&#8221; border_style=&#8221;inset&#8221;]<\/p>\n<h2 style=\"text-align: center;\"><a href=\"https:\/\/www.k-1.bz\/en\/apres-ski-in-south-tyrol\/\"><em>Apr\u00e8s Ski &amp; Nightlife<\/em><\/a><\/h2>\n<p>[\/et_pb_blurb][\/et_pb_column][\/et_pb_row][\/et_pb_section][et_pb_section fb_built=&#8221;1&#8243; _builder_version=&#8221;3.22&#8243;][\/et_pb_section][et_pb_section fb_built=&#8221;1&#8243; _builder_version=&#8221;3.22&#8243;][et_pb_row _builder_version=&#8221;3.25&#8243; background_size=&#8221;initial&#8221; background_position=&#8221;top_left&#8221; background_repeat=&#8221;repeat&#8221;][et_pb_column type=&#8221;4_4&#8243; _builder_version=&#8221;3.25&#8243; custom_padding=&#8221;|||&#8221; custom_padding__hover=&#8221;|||&#8221;][et_pb_text admin_label=&#8221;Newest Videos&#8221; _builder_version=&#8221;3.27.4&#8243; background_size=&#8221;initial&#8221; background_position=&#8221;top_left&#8221; background_repeat=&#8221;repeat&#8221; module_alignment=&#8221;left&#8221; use_border_color=&#8221;off&#8221; border_color=&#8221;#ffffff&#8221; border_style=&#8221;solid&#8221; saved_tabs=&#8221;all&#8221;]<\/p>\n<h2 style=\"text-align: center;\">Newest Videos<\/h2>\n<p>[\/et_pb_text][\/et_pb_column][\/et_pb_row][et_pb_row column_structure=&#8221;1_3,1_3,1_3&#8243; _builder_version=&#8221;3.25&#8243; background_size=&#8221;initial&#8221; background_position=&#8221;top_left&#8221; background_repeat=&#8221;repeat&#8221;][et_pb_column type=&#8221;1_3&#8243; _builder_version=&#8221;3.25&#8243; custom_padding=&#8221;|||&#8221; custom_padding__hover=&#8221;|||&#8221;][et_pb_code admin_label=&#8221;Video 2&#8243; _builder_version=&#8221;3.19.16&#8243;]<iframe loading=\"lazy\" width=\"300\" height=\"169\" src=\"https:\/\/www.youtube.com\/embed\/5BwPyqiGAQA\" frameborder=\"0\" allowfullscreen><\/iframe><!-- [et_pb_line_break_holder] --><pee><a href=\"https:\/\/www.youtube.com\/embed\/5BwPyqiGAQA\">Cascada @ Finale 2018\/19<\/a> <\/pee>[\/et_pb_code][et_pb_code admin_label=&#8221;Video 5&#8243;]<iframe loading=\"lazy\" width=\"560\" height=\"315\" src=\"https:\/\/www.youtube.com\/embed\/AafK6-eMaNc\" frameborder=\"0\" allow=\"autoplay; encrypted-media\" allowfullscreen><\/iframe><!-- [et_pb_line_break_holder] --><pee><a href=\"https:\/\/www.youtube.com\/embed\/AafK6-eMaNc\">Summer Open Air 2018<\/a> <\/pee>[\/et_pb_code][\/et_pb_column][et_pb_column type=&#8221;1_3&#8243; _builder_version=&#8221;3.25&#8243; custom_padding=&#8221;|||&#8221; custom_padding__hover=&#8221;|||&#8221;][et_pb_code admin_label=&#8221;Video 4&#8243; _builder_version=&#8221;3.19.16&#8243;]<iframe loading=\"lazy\" width=\"300\" height=\"169\" src=\"https:\/\/www.youtube.com\/embed\/Bytv3ZEhLBA\" frameborder=\"0\" allowfullscreen><\/iframe><\/iframe><!-- [et_pb_line_break_holder] --><pee><a href=\"https:\/\/www.youtube.com\/watch?v=Bytv3ZEhLBA\">Lorenz B\u00fcffel &#8211; Ostern 2019<\/a> <\/pee>[\/et_pb_code][et_pb_code admin_label=&#8221;Video 3&#8243;]<iframe loading=\"lazy\" width=\"560\" height=\"315\" src=\"https:\/\/www.youtube.com\/embed\/yfsQSW4K0Hw?rel=0\" frameborder=\"0\" allow=\"autoplay; encrypted-media\" allowfullscreen><\/iframe><pee><a href=\"https:\/\/www.youtube.com\/watch?v=ZN0gFQ2Iqtw\">Season Highlights 2017\/18<\/a> <\/pee>[\/et_pb_code][\/et_pb_column][et_pb_column type=&#8221;1_3&#8243; _builder_version=&#8221;3.25&#8243; custom_padding=&#8221;|||&#8221; custom_padding__hover=&#8221;|||&#8221;][et_pb_code admin_label=&#8221;Video 6&#8243; _builder_version=&#8221;3.19.16&#8243;]<iframe loading=\"lazy\" width=\"300\" height=\"169\" src=\"https:\/\/www.youtube.com\/embed\/70gHljbRlwE\" frameborder=\"0\" allowfullscreen><\/iframe><pee><a href=\"https:\/\/www.youtube.com\/watch?v=70gHljbRlwE\">Season Opening 2018\/19<\/a> <\/pee>[\/et_pb_code][et_pb_code admin_label=&#8221;Video 1&#8243;]<iframe loading=\"lazy\" width=\"560\" height=\"315\" src=\"https:\/\/www.youtube.com\/embed\/ZN0gFQ2Iqtw?rel=0\" frameborder=\"0\" allow=\"autoplay; encrypted-media\" allowfullscreen><\/iframe><pee><a href=\"https:\/\/www.youtube.com\/watch?v=ZN0gFQ2Iqtw\">K1 Finale 2017\/18<\/a> <\/pee>[\/et_pb_code][\/et_pb_column][\/et_pb_row][\/et_pb_section]<\/p>\n","protected":false},"excerpt":{"rendered":"<p>Direct from the ski slope to fun and pleasure WELCOME TO K1 in Reischach The largest apr\u00e8s ski resort in South Tyrol awaits you right at the bottom station of Kronplatz in Reischach. After a perfect ski run down to the valley on the Sylvester or Herrnegg slope, your thighs start to burn and your [&hellip;]<\/p>\n","protected":false},"author":1,"featured_media":0,"parent":0,"menu_order":100,"comment_status":"closed","ping_status":"open","template":"","meta":{"_et_pb_use_builder":"on","_et_pb_old_content":"<p>Dies ist eine Beispiel-Seite. Sie unterscheidet sich von Beitr\u00e4gen, da sie stets an der selben Stelle bleibt und (bei den meisten Themes) in der Navigation angezeigt wird. Die meisten Leute starten mit einem Impressum oder einer \u201e\u00dcber uns\u201c-Seite mit einer Vorstellung f\u00fcr m\u00f6gliche Besucher der Website. Dort k\u00f6nnte zum Beispiel stehen:<\/p><blockquote><p>Hallo! Tags\u00fcber arbeite ich als Fahrradkurier, nachts bin ich ein aufstrebender Schauspieler und dies hier ist meine Website. Ich lebe in Berlin, habe einen gro\u00dfen Hund namens Jack, mag die Fantastischen Vier und ein k\u00fchles Bier.<\/p><\/blockquote><p>...oder sowas wie:<\/p><blockquote><p>Unsere Firma XYZ wurde 1971 gegr\u00fcndet und hat seither eine Menge hochqualitativen ABC f\u00fcr die \u00d6ffentlichkeit produziert. Ans\u00e4ssig in Gotham City, hat XYZ mittlerweile \u00fcber 2,000 Mitarbeiter und entwickelt immer wieder gro\u00dfartige Dinge f\u00fcr die ganze Gotham Gemeinschaft.<\/p><\/blockquote><p>Als neuer WordPress-Nutzer solltest du das <a href=\"https:\/\/www.k-1.bz\/wp-admin\/\">Dashboard<\/a> aufrufen, um diese Seite zu l\u00f6schen und statt dessen eine neue Seite mit deinen eigenen Inhalten erstellen. Viel Spa\u00df!<\/p>","_et_gb_content_width":"","footnotes":""},"class_list":["post-1572","page","type-page","status-publish","hentry"],"yoast_head":"<!-- This site is optimized with the Yoast SEO plugin v23.4 - https:\/\/yoast.com\/wordpress\/plugins\/seo\/ -->\n<title>Home - K1<\/title>\n<meta name=\"robots\" content=\"index, follow, max-snippet:-1, max-image-preview:large, max-video-preview:-1\" \/>\n<link rel=\"canonical\" href=\"https:\/\/k-1.bz\/en\/home\/\" \/>\n<meta property=\"og:locale\" content=\"en_US\" \/>\n<meta property=\"og:type\" content=\"article\" \/>\n<meta property=\"og:title\" content=\"Home - K1\" \/>\n<meta property=\"og:description\" content=\"Direct from the ski slope to fun and pleasure WELCOME TO K1 in Reischach The largest apr\u00e8s ski resort in South Tyrol awaits you right at the bottom station of Kronplatz in Reischach. After a perfect ski run down to the valley on the Sylvester or Herrnegg slope, your thighs start to burn and your [&hellip;]\" \/>\n<meta property=\"og:url\" content=\"https:\/\/k-1.bz\/en\/home\/\" \/>\n<meta property=\"og:site_name\" content=\"K1\" \/>\n<meta property=\"article:modified_time\" content=\"2021-04-30T08:35:32+00:00\" \/>\n<meta name=\"twitter:card\" content=\"summary_large_image\" \/>\n<meta name=\"twitter:label1\" content=\"Est. reading time\" \/>\n\t<meta name=\"twitter:data1\" content=\"7 minutes\" \/>\n<script type=\"application\/ld+json\" class=\"yoast-schema-graph\">{\"@context\":\"https:\/\/schema.org\",\"@graph\":[{\"@type\":\"WebPage\",\"@id\":\"https:\/\/k-1.bz\/en\/home\/\",\"url\":\"https:\/\/k-1.bz\/en\/home\/\",\"name\":\"Home - K1\",\"isPartOf\":{\"@id\":\"https:\/\/k-1.bz\/#website\"},\"datePublished\":\"2017-03-13T10:55:38+00:00\",\"dateModified\":\"2021-04-30T08:35:32+00:00\",\"breadcrumb\":{\"@id\":\"https:\/\/k-1.bz\/en\/home\/#breadcrumb\"},\"inLanguage\":\"en-US\",\"potentialAction\":[{\"@type\":\"ReadAction\",\"target\":[\"https:\/\/k-1.bz\/en\/home\/\"]}]},{\"@type\":\"BreadcrumbList\",\"@id\":\"https:\/\/k-1.bz\/en\/home\/#breadcrumb\",\"itemListElement\":[{\"@type\":\"ListItem\",\"position\":1,\"name\":\"Startseite\",\"item\":\"https:\/\/k-1.bz\/en\/\"},{\"@type\":\"ListItem\",\"position\":2,\"name\":\"Home\"}]},{\"@type\":\"WebSite\",\"@id\":\"https:\/\/k-1.bz\/#website\",\"url\":\"https:\/\/k-1.bz\/\",\"name\":\"K1\",\"description\":\"Apres Ski &amp; Restaurant am Kronplatz\",\"potentialAction\":[{\"@type\":\"SearchAction\",\"target\":{\"@type\":\"EntryPoint\",\"urlTemplate\":\"https:\/\/k-1.bz\/?s={search_term_string}\"},\"query-input\":{\"@type\":\"PropertyValueSpecification\",\"valueRequired\":true,\"valueName\":\"search_term_string\"}}],\"inLanguage\":\"en-US\"}]}<\/script>\n<!-- \/ Yoast SEO plugin. -->","yoast_head_json":{"title":"Home - K1","robots":{"index":"index","follow":"follow","max-snippet":"max-snippet:-1","max-image-preview":"max-image-preview:large","max-video-preview":"max-video-preview:-1"},"canonical":"https:\/\/k-1.bz\/en\/home\/","og_locale":"en_US","og_type":"article","og_title":"Home - K1","og_description":"Direct from the ski slope to fun and pleasure WELCOME TO K1 in Reischach The largest apr\u00e8s ski resort in South Tyrol awaits you right at the bottom station of Kronplatz in Reischach. After a perfect ski run down to the valley on the Sylvester or Herrnegg slope, your thighs start to burn and your [&hellip;]","og_url":"https:\/\/k-1.bz\/en\/home\/","og_site_name":"K1","article_modified_time":"2021-04-30T08:35:32+00:00","twitter_card":"summary_large_image","twitter_misc":{"Est. reading time":"7 minutes"},"schema":{"@context":"https:\/\/schema.org","@graph":[{"@type":"WebPage","@id":"https:\/\/k-1.bz\/en\/home\/","url":"https:\/\/k-1.bz\/en\/home\/","name":"Home - K1","isPartOf":{"@id":"https:\/\/k-1.bz\/#website"},"datePublished":"2017-03-13T10:55:38+00:00","dateModified":"2021-04-30T08:35:32+00:00","breadcrumb":{"@id":"https:\/\/k-1.bz\/en\/home\/#breadcrumb"},"inLanguage":"en-US","potentialAction":[{"@type":"ReadAction","target":["https:\/\/k-1.bz\/en\/home\/"]}]},{"@type":"BreadcrumbList","@id":"https:\/\/k-1.bz\/en\/home\/#breadcrumb","itemListElement":[{"@type":"ListItem","position":1,"name":"Startseite","item":"https:\/\/k-1.bz\/en\/"},{"@type":"ListItem","position":2,"name":"Home"}]},{"@type":"WebSite","@id":"https:\/\/k-1.bz\/#website","url":"https:\/\/k-1.bz\/","name":"K1","description":"Apres Ski &amp; Restaurant am Kronplatz","potentialAction":[{"@type":"SearchAction","target":{"@type":"EntryPoint","urlTemplate":"https:\/\/k-1.bz\/?s={search_term_string}"},"query-input":{"@type":"PropertyValueSpecification","valueRequired":true,"valueName":"search_term_string"}}],"inLanguage":"en-US"}]}},"_links":{"self":[{"href":"https:\/\/k-1.bz\/en\/wp-json\/wp\/v2\/pages\/1572"}],"collection":[{"href":"https:\/\/k-1.bz\/en\/wp-json\/wp\/v2\/pages"}],"about":[{"href":"https:\/\/k-1.bz\/en\/wp-json\/wp\/v2\/types\/page"}],"author":[{"embeddable":true,"href":"https:\/\/k-1.bz\/en\/wp-json\/wp\/v2\/users\/1"}],"replies":[{"embeddable":true,"href":"https:\/\/k-1.bz\/en\/wp-json\/wp\/v2\/comments?post=1572"}],"version-history":[{"count":36,"href":"https:\/\/k-1.bz\/en\/wp-json\/wp\/v2\/pages\/1572\/revisions"}],"predecessor-version":[{"id":7460,"href":"https:\/\/k-1.bz\/en\/wp-json\/wp\/v2\/pages\/1572\/revisions\/7460"}],"wp:attachment":[{"href":"https:\/\/k-1.bz\/en\/wp-json\/wp\/v2\/media?parent=1572"}],"curies":[{"name":"wp","href":"https:\/\/api.w.org\/{rel}","templated":true}]}}