{"id":8084,"date":"2021-05-06T20:39:26","date_gmt":"2021-05-06T18:39:26","guid":{"rendered":"https:\/\/www.k-1.bz\/?page_id=8084"},"modified":"2021-05-17T14:47:35","modified_gmt":"2021-05-17T12:47:35","slug":"buoni","status":"publish","type":"page","link":"https:\/\/k-1.bz\/it\/buoni\/","title":{"rendered":"Gutscheine"},"content":{"rendered":"[et_pb_section fb_built=&#8221;1&#8243; fullwidth=&#8221;on&#8221; admin_label=&#8221;section&#8221; _builder_version=&#8221;3.22&#8243;][\/et_pb_section][et_pb_section fb_built=&#8221;1&#8243; fullwidth=&#8221;on&#8221; _builder_version=&#8221;4.2.2&#8243;][et_pb_fullwidth_header text_orientation=&#8221;center&#8221; header_scroll_down=&#8221;on&#8221; scroll_down_icon=&#8221;%%2%%&#8221; background_overlay_color=&#8221;rgba(95,71,59,0.5)&#8221; logo_image_url=&#8221;https:\/\/www.k-1.bz\/wp-content\/uploads\/2021\/04\/K1_Logo.png&#8221; _builder_version=&#8221;4.2.2&#8243; title_level=&#8221;h2&#8243; title_font=&#8221;Titillium Web||||||||&#8221; title_text_align=&#8221;center&#8221; background_enable_color=&#8221;off&#8221; background_image=&#8221;https:\/\/www.k-1.bz\/wp-content\/uploads\/2021\/05\/K1Gutscheine_Restaurant_Pizzeria_Apre\u0301sSki_Nightlife-Kopie-1.jpg&#8221; parallax=&#8221;on&#8221; parallax_method=&#8221;on&#8221;]<h2>BUONI<\/h2>[\/et_pb_fullwidth_header][\/et_pb_section][et_pb_section fb_built=&#8221;1&#8243; _builder_version=&#8221;4.2.2&#8243; background_color=&#8221;#efeceb&#8221;][et_pb_row _builder_version=&#8221;4.2.2&#8243;][et_pb_column type=&#8221;4_4&#8243; _builder_version=&#8221;4.2.2&#8243;][et_pb_code _builder_version=&#8221;4.2.2&#8243; custom_padding=&#8221;100px||50px||false|false&#8221; hover_enabled=&#8221;0&#8243;]<h1 style=\"text-align: center\"><!-- [et_pb_line_break_holder] -->  TEMPO DI GODERE<!-- [et_pb_line_break_holder] --><\/h1><!-- [et_pb_line_break_holder] --><!-- [et_pb_line_break_holder] --><!-- [et_pb_line_break_holder] --><h3 style=\"text-align: center\"><!-- [et_pb_line_break_holder] -->  REGALA IL TUO BUONO!<!-- [et_pb_line_break_holder] --><\/h3><!-- [et_pb_line_break_holder] --><!-- [et_pb_line_break_holder] --><script src=\"https:\/\/www.digitale-restaurant.com\/booking\/assets\/js\/iframeResizer.min.js\"><\/script><!-- [et_pb_line_break_holder] -->            <iframe id=\"responsive-iframe\" style=\"float: left;\" src=\"\" frameborder=\"0\"><\/iframe><!-- [et_pb_line_break_holder] --><!-- [et_pb_line_break_holder] --><!-- [et_pb_line_break_holder] --><style><!-- [et_pb_line_break_holder] -->iframe {<!-- [et_pb_line_break_holder] -->    width: 100%;<!-- [et_pb_line_break_holder] --><!-- [et_pb_line_break_holder] -->    display: block;<!-- [et_pb_line_break_holder] -->     overflow:hidden;<!-- [et_pb_line_break_holder] -->  }   <!-- [et_pb_line_break_holder] --><\/style><!-- [et_pb_line_break_holder] --><script type=\"text\/javascript\"><!-- [et_pb_line_break_holder] -->  <!-- [et_pb_line_break_holder] -->  iFrameResize({ log: true }, '#responsive-iframe')<!-- [et_pb_line_break_holder] --><\/script><!-- [et_pb_line_break_holder] --><!-- [et_pb_line_break_holder] --><div style=\"clear:both\"><!-- [et_pb_line_break_holder] --><!-- [et_pb_line_break_holder] --><!-- [et_pb_line_break_holder] --><!-- [et_pb_line_break_holder] --><!-- [et_pb_line_break_holder] --><!-- [et_pb_line_break_holder] --><\/div><!-- [et_pb_line_break_holder] --><!-- [et_pb_line_break_holder] --><iframe loading=\"lazy\" src=\"https:\/\/www.extrabooking.com\/widget\/5TPL-PYWW-EF6I?locale=it\" width=\"100%\" height=\"800\"><!-- [et_pb_line_break_holder] -->  <!-- [et_pb_line_break_holder] --><\/iframe><!-- [et_pb_line_break_holder] -->[\/et_pb_code][\/et_pb_column][\/et_pb_row][\/et_pb_section]","protected":false},"excerpt":{"rendered":"<p>BUONI<\/p>\n","protected":false},"author":1,"featured_media":0,"parent":0,"menu_order":10,"comment_status":"closed","ping_status":"closed","template":"","meta":{"_et_pb_use_builder":"on","_et_pb_old_content":"","_et_gb_content_width":"","footnotes":""},"class_list":["post-8084","page","type-page","status-publish","hentry"],"yoast_head":"<!-- This site is optimized with the Yoast SEO plugin v23.4 - https:\/\/yoast.com\/wordpress\/plugins\/seo\/ -->\n<title>K1 \u2013 il tuo apr\u00e8s-ski, ristorante, pizzeria e night a Brunico<\/title>\n<meta name=\"description\" content=\"Pi\u00f9 di un apr\u00e8s-ski: K1 \u00e8 ristorante, pizzeria e night. Il posto migliore per mangiare bene e fare festa nelle Dolomiti ti aspetta accanto alla funivia Plan de Corones a Riscone!\" \/>\n<meta name=\"robots\" content=\"index, follow, max-snippet:-1, max-image-preview:large, max-video-preview:-1\" \/>\n<link rel=\"canonical\" href=\"https:\/\/k-1.bz\/it\/buoni\/\" \/>\n<meta property=\"og:locale\" content=\"it_IT\" \/>\n<meta property=\"og:type\" content=\"article\" \/>\n<meta property=\"og:title\" content=\"K1 \u2013 il tuo apr\u00e8s-ski, ristorante, pizzeria e night a Brunico\" \/>\n<meta property=\"og:description\" content=\"Pi\u00f9 di un apr\u00e8s-ski: K1 \u00e8 ristorante, pizzeria e night. Il posto migliore per mangiare bene e fare festa nelle Dolomiti ti aspetta accanto alla funivia Plan de Corones a Riscone!\" \/>\n<meta property=\"og:url\" content=\"https:\/\/k-1.bz\/it\/buoni\/\" \/>\n<meta property=\"og:site_name\" content=\"K1\" \/>\n<meta property=\"article:modified_time\" content=\"2021-05-17T12:47:35+00:00\" \/>\n<meta name=\"twitter:card\" content=\"summary_large_image\" \/>\n<meta name=\"twitter:label1\" content=\"Tempo di lettura stimato\" \/>\n\t<meta name=\"twitter:data1\" content=\"1 minuto\" \/>\n<script type=\"application\/ld+json\" class=\"yoast-schema-graph\">{\"@context\":\"https:\/\/schema.org\",\"@graph\":[{\"@type\":\"WebPage\",\"@id\":\"https:\/\/k-1.bz\/it\/buoni\/\",\"url\":\"https:\/\/k-1.bz\/it\/buoni\/\",\"name\":\"K1 \u2013 il tuo apr\u00e8s-ski, ristorante, pizzeria e night a Brunico\",\"isPartOf\":{\"@id\":\"https:\/\/k-1.bz\/#website\"},\"datePublished\":\"2021-05-06T18:39:26+00:00\",\"dateModified\":\"2021-05-17T12:47:35+00:00\",\"description\":\"Pi\u00f9 di un apr\u00e8s-ski: K1 \u00e8 ristorante, pizzeria e night. Il posto migliore per mangiare bene e fare festa nelle Dolomiti ti aspetta accanto alla funivia Plan de Corones a Riscone!\",\"breadcrumb\":{\"@id\":\"https:\/\/k-1.bz\/it\/buoni\/#breadcrumb\"},\"inLanguage\":\"it-IT\",\"potentialAction\":[{\"@type\":\"ReadAction\",\"target\":[\"https:\/\/k-1.bz\/it\/buoni\/\"]}]},{\"@type\":\"BreadcrumbList\",\"@id\":\"https:\/\/k-1.bz\/it\/buoni\/#breadcrumb\",\"itemListElement\":[{\"@type\":\"ListItem\",\"position\":1,\"name\":\"Startseite\",\"item\":\"https:\/\/k-1.bz\/it\/\"},{\"@type\":\"ListItem\",\"position\":2,\"name\":\"Gutscheine\"}]},{\"@type\":\"WebSite\",\"@id\":\"https:\/\/k-1.bz\/#website\",\"url\":\"https:\/\/k-1.bz\/\",\"name\":\"K1\",\"description\":\"Apres Ski &amp; Restaurant am Kronplatz\",\"potentialAction\":[{\"@type\":\"SearchAction\",\"target\":{\"@type\":\"EntryPoint\",\"urlTemplate\":\"https:\/\/k-1.bz\/?s={search_term_string}\"},\"query-input\":{\"@type\":\"PropertyValueSpecification\",\"valueRequired\":true,\"valueName\":\"search_term_string\"}}],\"inLanguage\":\"it-IT\"}]}<\/script>\n<!-- \/ Yoast SEO plugin. -->","yoast_head_json":{"title":"K1 \u2013 il tuo apr\u00e8s-ski, ristorante, pizzeria e night a Brunico","description":"Pi\u00f9 di un apr\u00e8s-ski: K1 \u00e8 ristorante, pizzeria e night. Il posto migliore per mangiare bene e fare festa nelle Dolomiti ti aspetta accanto alla funivia Plan de Corones a Riscone!","robots":{"index":"index","follow":"follow","max-snippet":"max-snippet:-1","max-image-preview":"max-image-preview:large","max-video-preview":"max-video-preview:-1"},"canonical":"https:\/\/k-1.bz\/it\/buoni\/","og_locale":"it_IT","og_type":"article","og_title":"K1 \u2013 il tuo apr\u00e8s-ski, ristorante, pizzeria e night a Brunico","og_description":"Pi\u00f9 di un apr\u00e8s-ski: K1 \u00e8 ristorante, pizzeria e night. Il posto migliore per mangiare bene e fare festa nelle Dolomiti ti aspetta accanto alla funivia Plan de Corones a Riscone!","og_url":"https:\/\/k-1.bz\/it\/buoni\/","og_site_name":"K1","article_modified_time":"2021-05-17T12:47:35+00:00","twitter_card":"summary_large_image","twitter_misc":{"Tempo di lettura stimato":"1 minuto"},"schema":{"@context":"https:\/\/schema.org","@graph":[{"@type":"WebPage","@id":"https:\/\/k-1.bz\/it\/buoni\/","url":"https:\/\/k-1.bz\/it\/buoni\/","name":"K1 \u2013 il tuo apr\u00e8s-ski, ristorante, pizzeria e night a Brunico","isPartOf":{"@id":"https:\/\/k-1.bz\/#website"},"datePublished":"2021-05-06T18:39:26+00:00","dateModified":"2021-05-17T12:47:35+00:00","description":"Pi\u00f9 di un apr\u00e8s-ski: K1 \u00e8 ristorante, pizzeria e night. Il posto migliore per mangiare bene e fare festa nelle Dolomiti ti aspetta accanto alla funivia Plan de Corones a Riscone!","breadcrumb":{"@id":"https:\/\/k-1.bz\/it\/buoni\/#breadcrumb"},"inLanguage":"it-IT","potentialAction":[{"@type":"ReadAction","target":["https:\/\/k-1.bz\/it\/buoni\/"]}]},{"@type":"BreadcrumbList","@id":"https:\/\/k-1.bz\/it\/buoni\/#breadcrumb","itemListElement":[{"@type":"ListItem","position":1,"name":"Startseite","item":"https:\/\/k-1.bz\/it\/"},{"@type":"ListItem","position":2,"name":"Gutscheine"}]},{"@type":"WebSite","@id":"https:\/\/k-1.bz\/#website","url":"https:\/\/k-1.bz\/","name":"K1","description":"Apres Ski &amp; Restaurant am Kronplatz","potentialAction":[{"@type":"SearchAction","target":{"@type":"EntryPoint","urlTemplate":"https:\/\/k-1.bz\/?s={search_term_string}"},"query-input":{"@type":"PropertyValueSpecification","valueRequired":true,"valueName":"search_term_string"}}],"inLanguage":"it-IT"}]}},"_links":{"self":[{"href":"https:\/\/k-1.bz\/it\/wp-json\/wp\/v2\/pages\/8084"}],"collection":[{"href":"https:\/\/k-1.bz\/it\/wp-json\/wp\/v2\/pages"}],"about":[{"href":"https:\/\/k-1.bz\/it\/wp-json\/wp\/v2\/types\/page"}],"author":[{"embeddable":true,"href":"https:\/\/k-1.bz\/it\/wp-json\/wp\/v2\/users\/1"}],"replies":[{"embeddable":true,"href":"https:\/\/k-1.bz\/it\/wp-json\/wp\/v2\/comments?post=8084"}],"version-history":[{"count":6,"href":"https:\/\/k-1.bz\/it\/wp-json\/wp\/v2\/pages\/8084\/revisions"}],"predecessor-version":[{"id":8393,"href":"https:\/\/k-1.bz\/it\/wp-json\/wp\/v2\/pages\/8084\/revisions\/8393"}],"wp:attachment":[{"href":"https:\/\/k-1.bz\/it\/wp-json\/wp\/v2\/media?parent=8084"}],"curies":[{"name":"wp","href":"https:\/\/api.w.org\/{rel}","templated":true}]}}