{"id":8133,"date":"2021-05-06T20:44:50","date_gmt":"2021-05-06T18:44:50","guid":{"rendered":"https:\/\/www.k-1.bz\/?page_id=8133"},"modified":"2026-04-13T09:12:59","modified_gmt":"2026-04-13T07:12:59","slug":"apres-ski-sudtirol","status":"publish","type":"page","link":"https:\/\/k-1.bz\/it\/apres-ski-sudtirol\/","title":{"rendered":"Apr\u00e8s Ski S\u00fcdtirol"},"content":{"rendered":"<p>[et_pb_section fb_built=&#8221;1&#8243; fullwidth=&#8221;on&#8221; _builder_version=&#8221;4.16&#8243; global_colors_info=&#8221;{}&#8221;][et_pb_fullwidth_header text_orientation=&#8221;center&#8221; header_fullscreen=&#8221;on&#8221; header_scroll_down=&#8221;on&#8221; scroll_down_icon=&#8221;%%2%%&#8221; background_overlay_color=&#8221;rgba(95,71,59,0.5)&#8221; logo_image_url=&#8221;https:\/\/www.k-1.bz\/wp-content\/uploads\/2021\/04\/K1_Logo.png&#8221; _builder_version=&#8221;4.16&#8243; title_level=&#8221;h2&#8243; title_font=&#8221;Titillium Web|700|||||||&#8221; title_text_align=&#8221;center&#8221; background_enable_color=&#8221;off&#8221; background_image=&#8221;https:\/\/www.k-1.bz\/wp-content\/uploads\/2021\/06\/APRE\u0300SSKI_HEADER_K1Reischach_Restaurant_Pizzeria_Apre\u0301sSki_Nighlife.jpg&#8221; parallax=&#8221;on&#8221; parallax_method=&#8221;on&#8221; global_colors_info=&#8221;{}&#8221;]<\/p>\n<h1><\/h1>\n<h1><\/h1>\n<h1><\/h1>\n<h1><\/h1>\n<h1><\/h1>\n<h1><\/h1>\n<h1><\/h1>\n<h2>HOTTEST PLACE<br \/> IN TOWN<\/h2>\n<p>[\/et_pb_fullwidth_header][\/et_pb_section][et_pb_section fb_built=&#8221;1&#8243; _builder_version=&#8221;4.16&#8243; background_color=&#8221;#efeceb&#8221; global_colors_info=&#8221;{}&#8221;][et_pb_row _builder_version=&#8221;4.16&#8243; global_colors_info=&#8221;{}&#8221;][et_pb_column type=&#8221;4_4&#8243; _builder_version=&#8221;4.16&#8243; global_colors_info=&#8221;{}&#8221;][et_pb_text _builder_version=&#8221;4.16&#8243; text_font=&#8221;Titillium Web||||||||&#8221; header_font=&#8221;Titillium Web||||||||&#8221; header_text_color=&#8221;#e90614&#8243; header_font_size=&#8221;14px&#8221; header_2_font=&#8221;Titillium Web||||||||&#8221; header_2_text_align=&#8221;center&#8221; header_2_text_color=&#8221;#e90614&#8243; header_6_font=&#8221;Titillium Web||||||||&#8221; header_6_text_align=&#8221;center&#8221; header_6_text_color=&#8221;#e90614&#8243; text_orientation=&#8221;center&#8221; global_colors_info=&#8221;{}&#8221;]<\/p>\n<h6><\/h6>\n<h6><\/h6>\n<h6><\/h6>\n<h6><\/h6>\n<p>&nbsp;<\/p>\n<h1><strong><em>Nightlife &amp; more: l\u2019apr\u00e8s-ski pi\u00f9 grande dell\u2019Alto Adige a due passi da Brunico<\/em><\/strong><\/h1>\n<h2><strong>Concerti, eventi, feste \u2013 notti pazze accanto alla pista da sci<\/strong><\/h2>\n<p>&nbsp;<\/p>\n<p>Si va verso l\u2019imbrunire, la musica si fa sempre pi\u00f9 forte e l\u2019atmosfera aumenta sempre di pi\u00f9 \u2026 Il K1 a partire dalle ore 21.00 si trasforma da Apr\u00e8s-ski in night-club. I DJ e le star accendono i ballerini al bancone. Su due piani si scatenano persone da tutto il mondo con tanta voglia di far festa \u2013 talvolta qualcuno indossa ancora gli sci. L\u2019atmosfera \u00e8 allegra e leggera e l\u2019agile barista sorridendo ti serve da bere.<\/p>\n<p>&nbsp;<\/p>\n<p>&nbsp;<\/p>\n<p>[\/et_pb_text][\/et_pb_column][\/et_pb_row][\/et_pb_section][et_pb_section fb_built=&#8221;1&#8243; _builder_version=&#8221;4.16&#8243; global_colors_info=&#8221;{}&#8221;][et_pb_row column_structure=&#8221;1_2,1_2&#8243; _builder_version=&#8221;4.16&#8243; global_colors_info=&#8221;{}&#8221;][et_pb_column type=&#8221;1_2&#8243; _builder_version=&#8221;4.16&#8243; global_colors_info=&#8221;{}&#8221;][et_pb_image src=&#8221;https:\/\/www.k-1.bz\/wp-content\/uploads\/2021\/06\/APRE\u0300SSKI_2_K1Reischach_Restaurant_Pizzeria_Apre\u0301sSki_Nighlife.jpg&#8221; _builder_version=&#8221;4.16&#8243; global_colors_info=&#8221;{}&#8221;][\/et_pb_image][\/et_pb_column][et_pb_column type=&#8221;1_2&#8243; _builder_version=&#8221;4.16&#8243; global_colors_info=&#8221;{}&#8221;][et_pb_text _builder_version=&#8221;4.16&#8243; text_font=&#8221;Titillium Web||||||||&#8221; header_2_font=&#8221;Titillium Web||||||||&#8221; header_2_text_color=&#8221;#e90614&#8243; header_3_font=&#8221;Titillium Web||||||||&#8221; header_3_text_color=&#8221;#e90614&#8243; global_colors_info=&#8221;{}&#8221;]<\/p>\n<h3><strong>TUTTI I GIORNI DALLE 14:30<br \/> \u00c9 APR\u00c9S-SKI TIME<br \/><\/strong><\/h3>\n<p><strong><\/strong><\/p>\n<p>Certo, sciare sul Plan de Corones \u00e8 fantastico, ma il divertimento continua a valle: si scende sulle piste Herrnegg e Silvester e ci si ritrova a far festa sulla terrazza del K1, alla stazione della funivia di Riscone. Tra DJ set, concerti live e star della musica ti potrai scatenare come si deve. I drink sono freschi, l\u2019atmosfera caldissima\u2026 Vieni a scoprire perch\u00e9 K1 \u00e8 l\u2019apr\u00e8s-ski pi\u00f9 grande, ma soprattutto pi\u00f9 cool delle Dolomiti altoatesine!<\/p>\n<p>[\/et_pb_text][\/et_pb_column][\/et_pb_row][et_pb_row column_structure=&#8221;1_2,1_2&#8243; _builder_version=&#8221;4.16&#8243; global_colors_info=&#8221;{}&#8221;][et_pb_column type=&#8221;1_2&#8243; _builder_version=&#8221;4.16&#8243; global_colors_info=&#8221;{}&#8221;][et_pb_text _builder_version=&#8221;4.16&#8243; text_font=&#8221;Titillium Web||||||||&#8221; text_text_color=&#8221;#000000&#8243; header_2_font=&#8221;Titillium Web||||||||&#8221; header_2_text_align=&#8221;right&#8221; header_2_text_color=&#8221;#e90614&#8243; header_3_font=&#8221;Titillium Web||||||||&#8221; header_3_text_color=&#8221;#e90614&#8243; header_6_font=&#8221;Titillium Web||||||||&#8221; header_6_text_align=&#8221;right&#8221; text_orientation=&#8221;right&#8221; global_colors_info=&#8221;{}&#8221;]<\/p>\n<h3><strong>TUTTI I GIORNI DALLE 21<br \/>\u00c9 PARTY TIME<br \/> <\/strong><\/h3>\n<p><strong>\u00a0<\/strong><\/p>\n<p>Cala la sera e il K1 si trasforma in un night club. Molti restano dopo l\u2019apr\u00e8s-ski e altrettanti arrivano ora sulle due piste da ballo, per scatenarsi fino a notte fonda al ritmo dei nostri DJ. E tu\u2026 quando arrivi?<\/p>\n<p>[\/et_pb_text][\/et_pb_column][et_pb_column type=&#8221;1_2&#8243; _builder_version=&#8221;4.16&#8243; global_colors_info=&#8221;{}&#8221;][et_pb_image src=&#8221;https:\/\/www.k-1.bz\/wp-content\/uploads\/2021\/06\/APRE\u0300SSKI_3_K1Reischach_Restaurant_Pizzeria_Apre\u0301sSki_Nighlife.jpg&#8221; _builder_version=&#8221;4.16&#8243; global_colors_info=&#8221;{}&#8221;][\/et_pb_image][\/et_pb_column][\/et_pb_row][et_pb_row column_structure=&#8221;1_2,1_2&#8243; _builder_version=&#8221;4.16&#8243; global_colors_info=&#8221;{}&#8221;][et_pb_column type=&#8221;1_2&#8243; _builder_version=&#8221;4.16&#8243; global_colors_info=&#8221;{}&#8221;][et_pb_image src=&#8221;https:\/\/www.k-1.bz\/wp-content\/uploads\/2021\/06\/APRE\u0300SSKI_4_K1Reischach_Restaurant_Pizzeria_Apre\u0301sSki_Nighlife_VOXXCLUB.jpg&#8221; _builder_version=&#8221;4.16&#8243; global_colors_info=&#8221;{}&#8221;][\/et_pb_image][\/et_pb_column][et_pb_column type=&#8221;1_2&#8243; _builder_version=&#8221;4.16&#8243; global_colors_info=&#8221;{}&#8221;][et_pb_text _builder_version=&#8221;4.16&#8243; text_font=&#8221;Titillium Web||||||||&#8221; header_font=&#8221;Titillium Web||||||||&#8221; header_text_color=&#8221;#e90614&#8243; header_2_font=&#8221;Titillium Web||||||||&#8221; header_2_text_color=&#8221;#e90614&#8243; header_3_font=&#8221;Titillium Web||||||||&#8221; header_3_text_color=&#8221;#e90614&#8243; global_colors_info=&#8221;{}&#8221;]<\/p>\n<h3><strong>SPESSO E VOLENTIERI:<br \/>EVENTI E CONCERTI DA NON PERDERE<br \/> <\/strong><\/h3>\n<p><strong><\/strong><\/p>\n<p>Le star dell\u2019apr\u00e8s-ski, band che spaccano e ospiti VIP: i nostri eventi sono ormai leggenda! Ci sono quelli che ogni anno non vedono l\u2019ora di far festa al season opening a novembre o al season closing ad aprile. Ma al K1 c\u2019\u00e8 sempre qualcosa in programma, come i nostri party a tema: la serata Children of the 90s, la festa di maturit\u00e0, quella di Carnevale e il festone di Capodanno non se li vuole perdere nessuno. E siccome per noi ogni occasione \u00e8 buona\u2026 in estate vi invitiamo allo spettacolare Open air.<\/p>\n<p>[\/et_pb_text][\/et_pb_column][\/et_pb_row][\/et_pb_section][et_pb_section fb_built=&#8221;1&#8243; _builder_version=&#8221;4.16&#8243; background_color=&#8221;#907f77&#8243; background_image=&#8221;https:\/\/www.k-1.bz\/wp-content\/uploads\/2021\/05\/holz-1.jpg&#8221; background_blend=&#8221;multiply&#8221; min_height=&#8221;1000px&#8221; transparent_background=&#8221;off&#8221; make_fullwidth=&#8221;off&#8221; use_custom_width=&#8221;off&#8221; width_unit=&#8221;on&#8221; custom_width_px=&#8221;1080px&#8221; custom_width_percent=&#8221;80%&#8221; global_colors_info=&#8221;{}&#8221;][et_pb_row _builder_version=&#8221;4.16&#8243; background_size=&#8221;initial&#8221; background_position=&#8221;top_left&#8221; background_repeat=&#8221;repeat&#8221; make_fullwidth=&#8221;off&#8221; use_custom_width=&#8221;off&#8221; width_unit=&#8221;off&#8221; custom_width_px=&#8221;1080px&#8221; custom_width_percent=&#8221;80%&#8221; global_colors_info=&#8221;{}&#8221;][et_pb_column type=&#8221;4_4&#8243; _builder_version=&#8221;4.16&#8243; custom_padding=&#8221;|||&#8221; global_colors_info=&#8221;{}&#8221; custom_padding__hover=&#8221;|||&#8221;][et_pb_text admin_label=&#8221;Hall of Fame&#8221; _builder_version=&#8221;4.16&#8243; text_font=&#8221;Titillium Web||||||||&#8221; header_2_font=&#8221;Titillium Web||||||||&#8221; header_2_text_color=&#8221;#e90614&#8243; background_size=&#8221;initial&#8221; background_position=&#8221;top_left&#8221; background_repeat=&#8221;repeat&#8221; text_orientation=&#8221;center&#8221; background_layout=&#8221;dark&#8221; module_alignment=&#8221;center&#8221; use_border_color=&#8221;off&#8221; border_style=&#8221;solid&#8221; global_colors_info=&#8221;{}&#8221;]<\/p>\n<h2 style=\"text-align: center;\">K1 HALL OF FAME<\/h2>\n<p>[\/et_pb_text][et_pb_gallery gallery_ids=&#8221;8479,8482,8485,8488,8491,8494,8497,8500,8503&#8243; posts_number=&#8221;8&#8243; zoom_icon_color=&#8221;#c01011&#8243; _builder_version=&#8221;4.16&#8243; background_layout=&#8221;dark&#8221; pagination_font_size_tablet=&#8221;51&#8243; pagination_line_height_tablet=&#8221;2&#8243; global_colors_info=&#8221;{}&#8221;][\/et_pb_gallery][et_pb_divider show_divider=&#8221;off&#8221; disabled_on=&#8221;on|on|off&#8221; _builder_version=&#8221;4.16&#8243; hide_on_mobile=&#8221;on&#8221; global_colors_info=&#8221;{}&#8221;][\/et_pb_divider][\/et_pb_column][\/et_pb_row][et_pb_row _builder_version=&#8221;4.16&#8243; global_colors_info=&#8221;{}&#8221;][et_pb_column type=&#8221;4_4&#8243; _builder_version=&#8221;4.16&#8243; global_colors_info=&#8221;{}&#8221;][et_pb_button button_url=&#8221;https:\/\/www.k-1.bz\/it\/impressioni\/&#8221; button_text=&#8221;Ulteriori impressioni&#8221; button_alignment=&#8221;center&#8221; _builder_version=&#8221;4.16&#8243; custom_button=&#8221;on&#8221; button_text_size=&#8221;15px&#8221; button_text_color=&#8221;#e90614&#8243; button_font=&#8221;Titillium Web||||||||&#8221; global_colors_info=&#8221;{}&#8221;][\/et_pb_button][\/et_pb_column][\/et_pb_row][\/et_pb_section][et_pb_section fb_built=&#8221;1&#8243; _builder_version=&#8221;4.16&#8243; global_colors_info=&#8221;{}&#8221;][et_pb_row module_id=&#8221;upcomming-events&#8221; _builder_version=&#8221;4.16&#8243; global_colors_info=&#8221;{}&#8221;][et_pb_column type=&#8221;4_4&#8243; _builder_version=&#8221;4.16&#8243; global_colors_info=&#8221;{}&#8221;][et_pb_text _builder_version=&#8221;4.16&#8243; header_2_font=&#8221;Titillium Web||||||||&#8221; header_2_text_align=&#8221;center&#8221; header_2_text_color=&#8221;#e90614&#8243; header_6_font=&#8221;Titillium Web||||||||&#8221; header_6_text_align=&#8221;center&#8221; header_6_text_color=&#8221;#e90614&#8243; global_colors_info=&#8221;{}&#8221;]<\/p>\n<h6>IT&#8217;S TIME TO PARTY<\/h6>\n<h2>EVENTI<\/h2>\n<p>[\/et_pb_text][\/et_pb_column][\/et_pb_row][et_pb_row _builder_version=&#8221;4.19.0&#8243; _module_preset=&#8221;default&#8221; locked=&#8221;off&#8221; global_colors_info=&#8221;{}&#8221;][et_pb_column type=&#8221;4_4&#8243; _builder_version=&#8221;4.19.0&#8243; _module_preset=&#8221;default&#8221; global_colors_info=&#8221;{}&#8221;][et_pb_image src=&#8221;https:\/\/k-1.bz\/wp-content\/uploads\/2026\/04\/Finale.jpg&#8221; title_text=&#8221;Finale&#8221; _builder_version=&#8221;4.19.0&#8243; _module_preset=&#8221;default&#8221; global_colors_info=&#8221;{}&#8221;][\/et_pb_image][\/et_pb_column][\/et_pb_row][et_pb_row _builder_version=&#8221;4.19.0&#8243; _module_preset=&#8221;default&#8221; global_colors_info=&#8221;{}&#8221;][et_pb_column type=&#8221;4_4&#8243; _builder_version=&#8221;4.19.0&#8243; _module_preset=&#8221;default&#8221; global_colors_info=&#8221;{}&#8221;][et_pb_button button_url=&#8221;https:\/\/www.instagram.com\/k1.kronplatz\/&#8221; url_new_window=&#8221;on&#8221; button_text=&#8221;Di pi\u00f9 su Instagram&#8221; button_alignment=&#8221;center&#8221; _builder_version=&#8221;4.19.0&#8243; _module_preset=&#8221;default&#8221; global_colors_info=&#8221;{}&#8221;][\/et_pb_button][\/et_pb_column][\/et_pb_row][\/et_pb_section][et_pb_section fb_built=&#8221;1&#8243; _builder_version=&#8221;4.16&#8243; background_color=&#8221;#efeceb&#8221; transparent_background=&#8221;off&#8221; make_fullwidth=&#8221;off&#8221; use_custom_width=&#8221;off&#8221; width_unit=&#8221;off&#8221; custom_width_px=&#8221;1080px&#8221; custom_width_percent=&#8221;80%&#8221; collapsed=&#8221;off&#8221; global_colors_info=&#8221;{}&#8221;][et_pb_row column_structure=&#8221;1_3,2_3&#8243; _builder_version=&#8221;4.16&#8243; background_size=&#8221;initial&#8221; background_position=&#8221;top_left&#8221; background_repeat=&#8221;repeat&#8221; make_fullwidth=&#8221;off&#8221; use_custom_width=&#8221;off&#8221; width_unit=&#8221;on&#8221; custom_width_px=&#8221;1080px&#8221; custom_width_percent=&#8221;80%&#8221; global_colors_info=&#8221;{}&#8221;][et_pb_column type=&#8221;1_3&#8243; _builder_version=&#8221;4.16&#8243; custom_padding=&#8221;|||&#8221; global_colors_info=&#8221;{}&#8221; custom_padding__hover=&#8221;|||&#8221;][et_pb_blurb title=&#8221;Infos&#8221; image_icon_width=&#8221;none&#8221; admin_label=&#8221;Infos&#8221; _builder_version=&#8221;4.16&#8243; header_text_color=&#8221;#c01011&#8243; header_font_size=&#8221;26&#8243; background_size=&#8221;initial&#8221; background_position=&#8221;top_left&#8221; background_repeat=&#8221;repeat&#8221; use_border_color=&#8221;off&#8221; border_color=&#8221;#ffffff&#8221; border_style=&#8221;solid&#8221; image_max_width=&#8221;none&#8221; global_colors_info=&#8221;{}&#8221;]<\/p>\n<p><span class=\"s1\"><strong><\/strong><\/span><strong>K1 a Riscone \/ Plan de Corones<\/strong><br \/>Accessibile tramite le piste: Herrnegg, Sylvester, Korerlift<\/p>\n<p>[\/et_pb_blurb][\/et_pb_column][et_pb_column type=&#8221;2_3&#8243; _builder_version=&#8221;4.16&#8243; custom_padding=&#8221;|||&#8221; global_colors_info=&#8221;{}&#8221; custom_padding__hover=&#8221;|||&#8221;][et_pb_map address=&#8221;39031 Reischach, Bozen, Italien&#8221; zoom_level=&#8221;12&#8243; address_lat=&#8221;46.77579799999999&#8243; address_lng=&#8221;11.952694199999996&#8243; mouse_wheel=&#8221;off&#8221; _builder_version=&#8221;4.16&#8243; global_colors_info=&#8221;{}&#8221;][et_pb_map_pin title=&#8221;K1&#8243; pin_address=&#8221;Seilbahnstra\u00dfe, 12, 39031 Riscone, Brunico Bozen, Italien&#8221; pin_address_lat=&#8221;46.772401&#8243; pin_address_lng=&#8221;11.941331999999989&#8243; _builder_version=&#8221;3.0.47&#8243; global_colors_info=&#8221;{}&#8221;]<\/p>\n<div class=\"section-info\">\n<div class=\"section-info-line\"><strong>K1 Restaurant &amp; Pizzeria<\/strong><\/div>\n<div class=\"section-info-line\"><span class=\"section-info-text\">Seilbahnstra\u00dfe, 12, 39031 Reiperting, Bozen<\/span><\/div>\n<\/div>\n<div class=\"section-info\">\n<div class=\"section-info-line\"><span class=\"section-info-text\">Tel. 0474 549101<\/span><\/div>\n<\/div>\n<p>[\/et_pb_map_pin][\/et_pb_map][\/et_pb_column][\/et_pb_row][\/et_pb_section]<\/p>\n","protected":false},"excerpt":{"rendered":"<p>HOTTEST PLACE IN TOWN &nbsp; Nightlife &amp; more: l\u2019apr\u00e8s-ski pi\u00f9 grande dell\u2019Alto Adige a due passi da Brunico Concerti, eventi, feste \u2013 notti pazze accanto alla pista da sci &nbsp; Si va verso l\u2019imbrunire, la musica si fa sempre pi\u00f9 forte e l\u2019atmosfera aumenta sempre di pi\u00f9 \u2026 Il K1 a partire dalle ore 21.00 [&hellip;]<\/p>\n","protected":false},"author":1,"featured_media":0,"parent":0,"menu_order":20,"comment_status":"closed","ping_status":"closed","template":"","meta":{"_et_pb_use_builder":"on","_et_pb_old_content":"","_et_gb_content_width":"","footnotes":""},"class_list":["post-8133","page","type-page","status-publish","hentry"],"yoast_head":"<!-- This site is optimized with the Yoast SEO plugin v23.4 - https:\/\/yoast.com\/wordpress\/plugins\/seo\/ -->\n<title>K1 \u2013 l\u2019apr\u00e8s-ski &amp; night club del Plan de Corones, in Alto Adige<\/title>\n<meta name=\"description\" content=\"K1 \u00e8 l\u2019apr\u00e8s-ski e night club pi\u00f9 grande dell\u2019Alto Adige. Musica live, DJ set e fantastici eventi vi aspettano accanto alla funivia Plan de Corones a Riscone!\" \/>\n<meta name=\"robots\" content=\"index, follow, max-snippet:-1, max-image-preview:large, max-video-preview:-1\" \/>\n<link rel=\"canonical\" href=\"https:\/\/k-1.bz\/it\/apres-ski-sudtirol\/\" \/>\n<meta property=\"og:locale\" content=\"it_IT\" \/>\n<meta property=\"og:type\" content=\"article\" \/>\n<meta property=\"og:title\" content=\"K1 \u2013 l\u2019apr\u00e8s-ski &amp; night club del Plan de Corones, in Alto Adige\" \/>\n<meta property=\"og:description\" content=\"K1 \u00e8 l\u2019apr\u00e8s-ski e night club pi\u00f9 grande dell\u2019Alto Adige. Musica live, DJ set e fantastici eventi vi aspettano accanto alla funivia Plan de Corones a Riscone!\" \/>\n<meta property=\"og:url\" content=\"https:\/\/k-1.bz\/it\/apres-ski-sudtirol\/\" \/>\n<meta property=\"og:site_name\" content=\"K1\" \/>\n<meta property=\"article:modified_time\" content=\"2026-04-13T07:12:59+00:00\" \/>\n<meta name=\"twitter:card\" content=\"summary_large_image\" \/>\n<meta name=\"twitter:label1\" content=\"Tempo di lettura stimato\" \/>\n\t<meta name=\"twitter:data1\" content=\"3 minuti\" \/>\n<script type=\"application\/ld+json\" class=\"yoast-schema-graph\">{\"@context\":\"https:\/\/schema.org\",\"@graph\":[{\"@type\":\"WebPage\",\"@id\":\"https:\/\/k-1.bz\/it\/apres-ski-sudtirol\/\",\"url\":\"https:\/\/k-1.bz\/it\/apres-ski-sudtirol\/\",\"name\":\"K1 \u2013 l\u2019apr\u00e8s-ski & night club del Plan de Corones, in Alto Adige\",\"isPartOf\":{\"@id\":\"https:\/\/k-1.bz\/#website\"},\"datePublished\":\"2021-05-06T18:44:50+00:00\",\"dateModified\":\"2026-04-13T07:12:59+00:00\",\"description\":\"K1 \u00e8 l\u2019apr\u00e8s-ski e night club pi\u00f9 grande dell\u2019Alto Adige. Musica live, DJ set e fantastici eventi vi aspettano accanto alla funivia Plan de Corones a Riscone!\",\"breadcrumb\":{\"@id\":\"https:\/\/k-1.bz\/it\/apres-ski-sudtirol\/#breadcrumb\"},\"inLanguage\":\"it-IT\",\"potentialAction\":[{\"@type\":\"ReadAction\",\"target\":[\"https:\/\/k-1.bz\/it\/apres-ski-sudtirol\/\"]}]},{\"@type\":\"BreadcrumbList\",\"@id\":\"https:\/\/k-1.bz\/it\/apres-ski-sudtirol\/#breadcrumb\",\"itemListElement\":[{\"@type\":\"ListItem\",\"position\":1,\"name\":\"Startseite\",\"item\":\"https:\/\/k-1.bz\/it\/\"},{\"@type\":\"ListItem\",\"position\":2,\"name\":\"Apr\u00e8s Ski S\u00fcdtirol\"}]},{\"@type\":\"WebSite\",\"@id\":\"https:\/\/k-1.bz\/#website\",\"url\":\"https:\/\/k-1.bz\/\",\"name\":\"K1\",\"description\":\"Apres Ski &amp; Restaurant am Kronplatz\",\"potentialAction\":[{\"@type\":\"SearchAction\",\"target\":{\"@type\":\"EntryPoint\",\"urlTemplate\":\"https:\/\/k-1.bz\/?s={search_term_string}\"},\"query-input\":{\"@type\":\"PropertyValueSpecification\",\"valueRequired\":true,\"valueName\":\"search_term_string\"}}],\"inLanguage\":\"it-IT\"}]}<\/script>\n<!-- \/ Yoast SEO plugin. -->","yoast_head_json":{"title":"K1 \u2013 l\u2019apr\u00e8s-ski & night club del Plan de Corones, in Alto Adige","description":"K1 \u00e8 l\u2019apr\u00e8s-ski e night club pi\u00f9 grande dell\u2019Alto Adige. Musica live, DJ set e fantastici eventi vi aspettano accanto alla funivia Plan de Corones a Riscone!","robots":{"index":"index","follow":"follow","max-snippet":"max-snippet:-1","max-image-preview":"max-image-preview:large","max-video-preview":"max-video-preview:-1"},"canonical":"https:\/\/k-1.bz\/it\/apres-ski-sudtirol\/","og_locale":"it_IT","og_type":"article","og_title":"K1 \u2013 l\u2019apr\u00e8s-ski & night club del Plan de Corones, in Alto Adige","og_description":"K1 \u00e8 l\u2019apr\u00e8s-ski e night club pi\u00f9 grande dell\u2019Alto Adige. Musica live, DJ set e fantastici eventi vi aspettano accanto alla funivia Plan de Corones a Riscone!","og_url":"https:\/\/k-1.bz\/it\/apres-ski-sudtirol\/","og_site_name":"K1","article_modified_time":"2026-04-13T07:12:59+00:00","twitter_card":"summary_large_image","twitter_misc":{"Tempo di lettura stimato":"3 minuti"},"schema":{"@context":"https:\/\/schema.org","@graph":[{"@type":"WebPage","@id":"https:\/\/k-1.bz\/it\/apres-ski-sudtirol\/","url":"https:\/\/k-1.bz\/it\/apres-ski-sudtirol\/","name":"K1 \u2013 l\u2019apr\u00e8s-ski & night club del Plan de Corones, in Alto Adige","isPartOf":{"@id":"https:\/\/k-1.bz\/#website"},"datePublished":"2021-05-06T18:44:50+00:00","dateModified":"2026-04-13T07:12:59+00:00","description":"K1 \u00e8 l\u2019apr\u00e8s-ski e night club pi\u00f9 grande dell\u2019Alto Adige. Musica live, DJ set e fantastici eventi vi aspettano accanto alla funivia Plan de Corones a Riscone!","breadcrumb":{"@id":"https:\/\/k-1.bz\/it\/apres-ski-sudtirol\/#breadcrumb"},"inLanguage":"it-IT","potentialAction":[{"@type":"ReadAction","target":["https:\/\/k-1.bz\/it\/apres-ski-sudtirol\/"]}]},{"@type":"BreadcrumbList","@id":"https:\/\/k-1.bz\/it\/apres-ski-sudtirol\/#breadcrumb","itemListElement":[{"@type":"ListItem","position":1,"name":"Startseite","item":"https:\/\/k-1.bz\/it\/"},{"@type":"ListItem","position":2,"name":"Apr\u00e8s Ski S\u00fcdtirol"}]},{"@type":"WebSite","@id":"https:\/\/k-1.bz\/#website","url":"https:\/\/k-1.bz\/","name":"K1","description":"Apres Ski &amp; Restaurant am Kronplatz","potentialAction":[{"@type":"SearchAction","target":{"@type":"EntryPoint","urlTemplate":"https:\/\/k-1.bz\/?s={search_term_string}"},"query-input":{"@type":"PropertyValueSpecification","valueRequired":true,"valueName":"search_term_string"}}],"inLanguage":"it-IT"}]}},"_links":{"self":[{"href":"https:\/\/k-1.bz\/it\/wp-json\/wp\/v2\/pages\/8133"}],"collection":[{"href":"https:\/\/k-1.bz\/it\/wp-json\/wp\/v2\/pages"}],"about":[{"href":"https:\/\/k-1.bz\/it\/wp-json\/wp\/v2\/types\/page"}],"author":[{"embeddable":true,"href":"https:\/\/k-1.bz\/it\/wp-json\/wp\/v2\/users\/1"}],"replies":[{"embeddable":true,"href":"https:\/\/k-1.bz\/it\/wp-json\/wp\/v2\/comments?post=8133"}],"version-history":[{"count":168,"href":"https:\/\/k-1.bz\/it\/wp-json\/wp\/v2\/pages\/8133\/revisions"}],"predecessor-version":[{"id":10768,"href":"https:\/\/k-1.bz\/it\/wp-json\/wp\/v2\/pages\/8133\/revisions\/10768"}],"wp:attachment":[{"href":"https:\/\/k-1.bz\/it\/wp-json\/wp\/v2\/media?parent=8133"}],"curies":[{"name":"wp","href":"https:\/\/api.w.org\/{rel}","templated":true}]}}