{"id":8746,"date":"2021-10-26T19:30:03","date_gmt":"2021-10-26T17:30:03","guid":{"rendered":"https:\/\/www.k-1.bz\/?page_id=8746"},"modified":"2026-01-06T08:57:31","modified_gmt":"2026-01-06T07:57:31","slug":"home-neu-oktober-21-2","status":"publish","type":"page","link":"https:\/\/k-1.bz\/it\/","title":{"rendered":"Home"},"content":{"rendered":"<p>[et_pb_section fb_built=&#8221;1&#8243; fullwidth=&#8221;on&#8221; _builder_version=&#8221;4.16&#8243; background_color=&#8221;#efeceb&#8221; background_image=&#8221;https:\/\/www.k-1.bz\/wp-content\/uploads\/2021\/11\/mickie-krause.jpg&#8221; border_color_all=&#8221;rgba(0,0,0,0)&#8221; global_colors_info=&#8221;{}&#8221;][et_pb_fullwidth_header text_orientation=&#8221;center&#8221; header_fullscreen=&#8221;on&#8221; header_scroll_down=&#8221;on&#8221; scroll_down_icon=&#8221;%%2%%&#8221; button_one_text=&#8221;Eventi&#8221; button_one_url=&#8221;https:\/\/www.k-1.bz\/it\/apres-ski-sudtirol\/#upcomming-events&#8221; background_overlay_color=&#8221;rgba(95,71,59,0.5)&#8221; logo_image_url=&#8221;https:\/\/www.k-1.bz\/wp-content\/uploads\/2022\/11\/K1-Logo-20-Years-300&#215;212.png&#8221; logo_image_url_last_edited=&#8221;off|desktop&#8221; _builder_version=&#8221;4.19.0&#8243; title_font=&#8221;Titillium Web|700|||||||&#8221; title_text_color=&#8221;#ffffff&#8221; title_font_size=&#8221;42px&#8221; content_font=&#8221;Titillium Web||||||||&#8221; content_text_color=&#8221;#000000&#8243; background_image=&#8221;https:\/\/www.k-1.bz\/wp-content\/uploads\/2021\/11\/mickie-krause.jpg&#8221; parallax=&#8221;on&#8221; parallax_method=&#8221;on&#8221; custom_button_one=&#8221;on&#8221; button_one_bg_color=&#8221;#e90614&#8243; width=&#8221;100%&#8221; max_width=&#8221;100%&#8221; background_url=&#8221;https:\/\/www.k-1.bz\/wp-content\/uploads\/2017\/01\/home-header.jpg&#8221; button_one_letter_spacing_hover=&#8221;0&#8243; button_two_letter_spacing_hover=&#8221;0&#8243; global_colors_info=&#8221;{}&#8221; button_one_text_size__hover_enabled=&#8221;off&#8221; button_one_text_size__hover=&#8221;null&#8221; button_two_text_size__hover_enabled=&#8221;off&#8221; button_two_text_size__hover=&#8221;null&#8221; button_one_text_color__hover_enabled=&#8221;off&#8221; button_one_text_color__hover=&#8221;null&#8221; button_two_text_color__hover_enabled=&#8221;off&#8221; button_two_text_color__hover=&#8221;null&#8221; button_one_border_width__hover_enabled=&#8221;off&#8221; button_one_border_width__hover=&#8221;null&#8221; button_two_border_width__hover_enabled=&#8221;off&#8221; button_two_border_width__hover=&#8221;null&#8221; button_one_border_color__hover_enabled=&#8221;off&#8221; button_one_border_color__hover=&#8221;null&#8221; button_two_border_color__hover_enabled=&#8221;off&#8221; button_two_border_color__hover=&#8221;null&#8221; button_one_border_radius__hover_enabled=&#8221;off&#8221; button_one_border_radius__hover=&#8221;null&#8221; button_two_border_radius__hover_enabled=&#8221;off&#8221; button_two_border_radius__hover=&#8221;null&#8221; button_one_letter_spacing__hover_enabled=&#8221;on&#8221; button_one_letter_spacing__hover=&#8221;0&#8243; button_two_letter_spacing__hover_enabled=&#8221;on&#8221; button_two_letter_spacing__hover=&#8221;0&#8243; button_one_bg_color__hover_enabled=&#8221;off&#8221; button_one_bg_color__hover=&#8221;null&#8221; button_two_bg_color__hover_enabled=&#8221;off&#8221; button_two_bg_color__hover=&#8221;null&#8221; logo_image_url__hover_enabled=&#8221;off|desktop&#8221;]<\/p>\n<p><!-- <code><iframe loading=\"lazy\" src=\"https:\/\/www.youtube.com\/embed\/sa3a-GHswKY?autoplay=1\" allowfullscreen=\"allowfullscreen\" frameborder=\"0\" height=\"60%\" width=\"100%\"><\/iframe><\/code><\/p>\n\n\n\n\n<h1>&nbsp;<\/h1>\n\n\n\n\n<h1><em>Mickie Krause LIVE<\/em> <em>Das gro\u00dfe Saison-Finale vom 21.-23.04.2016<\/em><\/h1>\n\n\n\n\n<p>--><\/p>\n<h1><\/h1>\n<h1><\/h1>\n<h1><\/h1>\n<h1><\/h1>\n<h1><\/h1>\n<h1><\/h1>\n<h1><\/h1>\n<h2>RISTORANTE &amp; PIZZERIA APR\u00c9S SKI &amp; NIGHTLIFE<\/h2>\n<p>[\/et_pb_fullwidth_header][\/et_pb_section][et_pb_section fb_built=&#8221;1&#8243; _builder_version=&#8221;4.16&#8243; background_color=&#8221;#efeceb&#8221; background_enable_image=&#8221;off&#8221; parallax=&#8221;on&#8221; transparent_background=&#8221;off&#8221; global_colors_info=&#8221;{}&#8221;][et_pb_row _builder_version=&#8221;4.16&#8243; background_size=&#8221;initial&#8221; background_position=&#8221;top_left&#8221; background_repeat=&#8221;repeat&#8221; width=&#8221;60.1%&#8221; global_colors_info=&#8221;{}&#8221;][et_pb_column type=&#8221;4_4&#8243; _builder_version=&#8221;4.16&#8243; custom_padding=&#8221;|||&#8221; global_colors_info=&#8221;{}&#8221; custom_padding__hover=&#8221;|||&#8221;][et_pb_text admin_label=&#8221;WILLKOMMEN IM K1 in Reischach&#8221; _builder_version=&#8221;4.16&#8243; text_font=&#8221;Titillium Web||||||||&#8221; header_font=&#8221;Titillium Web||||||||&#8221; header_text_color=&#8221;#e10614&#8243; header_font_size=&#8221;14px&#8221; header_2_font=&#8221;Titillium Web||||||||&#8221; header_2_text_color=&#8221;#e90614&#8243; header_4_font=&#8221;Titillium Web||||||||&#8221; header_4_text_color=&#8221;#e10614&#8243; header_6_font=&#8221;Titillium Web|300|||||||&#8221; header_6_text_color=&#8221;#e10614&#8243; header_6_letter_spacing=&#8221;1px&#8221; background_size=&#8221;initial&#8221; background_position=&#8221;top_left&#8221; background_repeat=&#8221;repeat&#8221; text_orientation=&#8221;center&#8221; max_width=&#8221;100%&#8221; module_alignment=&#8221;center&#8221; use_border_color=&#8221;off&#8221; border_color=&#8221;#ffffff&#8221; border_style=&#8221;solid&#8221; global_colors_info=&#8221;{}&#8221;]<\/p>\n<h1><strong>BENVENUTI AL K1<\/strong><strong><\/strong><\/h1>\n<h2>IL LOCALE N.1 DEL PLAN DE CORONES<\/h2>\n<p><strong>K1 si trova proprio accanto alla stazione a valle della funivia Plan de Corones a Riscone, vicino a Brunico.<\/strong> \u00c8 il pi\u00f9 grande apr\u00e8s-ski dell\u2019Alto Adige, ma non solo. K1 \u00e8 anche una location per feste e party, e il punto di riferimento per chi vuole mangiare qualcosa di buono a due passi dalle piste del Plan de Corones. Insomma, un ritrovo di culto, dove ogni piatto \u00e8 squisito e l\u2019atmosfera \u00e8 sempre quella giusta. Da noi puoi assistere ai live di artisti famosi e gettarti nella mischia, oppure sorseggiare un aperitivo in coppia nell\u2019atmosfera romantica della nostra grande terrazza&#8230; o semplicemente gustarti un\u2019ottima pizza cotta nel forno a legna.<br \/>Ti aspettiamo!<\/p>\n<p>&nbsp;<\/p>\n<p>[\/et_pb_text][\/et_pb_column][\/et_pb_row][\/et_pb_section][et_pb_section fb_built=&#8221;1&#8243; _builder_version=&#8221;4.16&#8243; width=&#8221;100%&#8221; max_width=&#8221;100%&#8221; custom_margin=&#8221;0px|0px|0px|1px|false|false&#8221; custom_padding=&#8221;0px|0px|0px|0px|false|false&#8221; global_colors_info=&#8221;{}&#8221;][\/et_pb_section][et_pb_section fb_built=&#8221;1&#8243; disabled_on=&#8221;off|off|off&#8221; _builder_version=&#8221;4.19.0&#8243; background_color=&#8221;#efeceb&#8221; min_height=&#8221;545px&#8221; global_colors_info=&#8221;{}&#8221;][et_pb_row _builder_version=&#8221;4.16&#8243; global_colors_info=&#8221;{}&#8221;][et_pb_column type=&#8221;4_4&#8243; _builder_version=&#8221;4.16&#8243; global_colors_info=&#8221;{}&#8221;][et_pb_text _builder_version=&#8221;4.19.0&#8243; text_font=&#8221;Titillium Web||||||||&#8221; header_text_align=&#8221;center&#8221; text_orientation=&#8221;center&#8221; custom_margin=&#8221;|||-21px||&#8221; custom_padding=&#8221;||1px|||&#8221; global_colors_info=&#8221;{}&#8221;]<\/p>\n<p style=\"text-align: center;\"><strong>ORARI DI APERTURA<\/strong><b style=\"font-size: 18px;\"><br \/><\/b><b style=\"font-size: 18px;\">Ristorante:<br \/><\/b><span class=\"s1\">Luned\u00ec &#8211; Venerd\u00ec ore 08.00 &#8211; 21.00<br \/>Sabato ore 08.00 &#8211; 02.00<br \/>Domenica ore 08.00 &#8211; 21.00<\/span><\/p>\n<p style=\"text-align: center;\"><span class=\"s1\"><\/span><\/p>\n<p class=\"p1\"><span class=\"s1\"><b>Pizzeria:<\/b><br \/>Luned\u00ec &#8211; Venerd\u00ec ore 10.00 &#8211; 22.00<br \/>Sabato ore 08.00 &#8211; 02.00<br \/>Domenica 08.00 &#8211; 21:00<\/span><\/p>\n<p class=\"p1\"><span class=\"s1\"><b>Apr\u00e8s Ski:<\/b><br \/>Luned\u00ec &#8211; Venerd\u00ec pomeriggio fino alle ore 19.00 (outdoor)<br \/>Venerd\u00ec &amp; Sabato ore 09.00 &#8211; 19.00 Uhr (outdoor) \/ 02.00 Uhr (indoor)<br \/>Domenica pomeriggio fino alle ore 19:00 (outdoor)<\/span><\/p>\n<p>[\/et_pb_text][\/et_pb_column][\/et_pb_row][et_pb_row column_structure=&#8221;1_3,1_3,1_3&#8243; make_equal=&#8221;on&#8221; module_class=&#8221;home-4-boxen&#8221; _builder_version=&#8221;4.19.0&#8243; background_enable_image=&#8221;off&#8221; background_size=&#8221;contain&#8221; background_position=&#8221;center_left&#8221; transform_translate=&#8221;-23px|124px&#8221; transform_translate_linked=&#8221;off&#8221; width=&#8221;100%&#8221; module_alignment=&#8221;center&#8221; custom_margin=&#8221;auto|433px|auto|433px|true|true&#8221; custom_padding=&#8221;||||true|true&#8221; global_colors_info=&#8221;{}&#8221;][et_pb_column type=&#8221;1_3&#8243; _builder_version=&#8221;4.16&#8243; global_colors_info=&#8221;{}&#8221;][et_pb_text _builder_version=&#8221;4.16&#8243; text_font=&#8221;Titillium Web||||||||&#8221; text_text_color=&#8221;#ffffff&#8221; header_font=&#8221;Titillium Web||||||||&#8221; header_text_align=&#8221;center&#8221; header_2_font=&#8221;Titillium Web||||||||&#8221; header_2_text_align=&#8221;center&#8221; header_2_text_color=&#8221;#ffffff&#8221; header_2_font_size=&#8221;28px&#8221; header_6_font=&#8221;Titillium Web||||||||&#8221; header_6_text_align=&#8221;center&#8221; header_6_text_color=&#8221;#ffffff&#8221; header_6_font_size=&#8221;12px&#8221; background_color=&#8221;#907f77&#8243; background_image=&#8221;https:\/\/www.k-1.bz\/wp-content\/uploads\/2021\/06\/HOME_3_K1Restaurant_Pizzeria_Apre\u0301sSki_Nightlife-1.jpg&#8221; background_blend=&#8221;multiply&#8221; min_height=&#8221;410px&#8221; custom_margin=&#8221;|28px||||&#8221; global_colors_info=&#8221;{}&#8221;]<\/p>\n<p>&nbsp;<\/p>\n<p>&nbsp;<\/p>\n<h2>RISTORANTE &amp;<br \/> PIZZERIA<\/h2>\n<p>&nbsp;<\/p>\n<h6>PIZZA . BURGER . BEEF .<br \/> DRINKS &amp; MORE<\/h6>\n<p>[\/et_pb_text][et_pb_button button_url=&#8221;https:\/\/www.k-1.bz\/it\/restaurant-pizzeria\/&#8221; button_text=&#8221;Ulteriori Informazioni&#8221; button_alignment=&#8221;center&#8221; _builder_version=&#8221;4.16&#8243; custom_button=&#8221;on&#8221; button_text_size=&#8221;14px&#8221; button_text_color=&#8221;#ffffff&#8221; button_border_radius=&#8221;4px&#8221; button_letter_spacing=&#8221;1px&#8221; button_font=&#8221;Titillium Web||||||||&#8221; transform_translate=&#8221;0px|79px&#8221; transform_translate_linked=&#8221;off&#8221; custom_margin=&#8221;-250px|0px||55px|false|false&#8221; global_colors_info=&#8221;{}&#8221;][\/et_pb_button][\/et_pb_column][et_pb_column type=&#8221;1_3&#8243; _builder_version=&#8221;4.16&#8243; global_colors_info=&#8221;{}&#8221;][et_pb_text _builder_version=&#8221;4.16&#8243; header_text_color=&#8221;#ffffff&#8221; header_2_font=&#8221;Titillium Web||||||||&#8221; header_2_text_align=&#8221;center&#8221; header_2_text_color=&#8221;#ffffff&#8221; header_2_font_size=&#8221;28px&#8221; header_6_font=&#8221;Titillium Web||||||||&#8221; header_6_text_align=&#8221;center&#8221; header_6_text_color=&#8221;#ffffff&#8221; header_6_font_size=&#8221;12px&#8221; background_color=&#8221;#907f77&#8243; background_image=&#8221;https:\/\/www.k-1.bz\/wp-content\/uploads\/2021\/10\/HOME_5_K1Restaurant_Pizzeria_Apre\u0301sSki_Nightlife-Events-Kopie.jpg&#8221; background_blend=&#8221;multiply&#8221; transform_translate_linked=&#8221;off&#8221; min_height=&#8221;410px&#8221; custom_margin=&#8221;|-187px|||false|false&#8221; global_colors_info=&#8221;{}&#8221;]<\/p>\n<p>&nbsp;<\/p>\n<p>&nbsp;<\/p>\n<h2>EVENTI<\/h2>\n<p>&nbsp;<\/p>\n<h6><\/h6>\n<h6><\/h6>\n<h6><\/h6>\n<h6>TIME TO PARTY<\/h6>\n<p> [\/et_pb_text][et_pb_button button_url=&#8221;https:\/\/www.k-1.bz\/it\/apres-ski-sudtirol\/#upcomming-events&#8221; button_text=&#8221;Ulteriori Informazioni&#8221; button_alignment=&#8221;center&#8221; _builder_version=&#8221;4.16&#8243; custom_button=&#8221;on&#8221; button_text_size=&#8221;14px&#8221; button_text_color=&#8221;#ffffff&#8221; button_border_radius=&#8221;4px&#8221; button_letter_spacing=&#8221;1px&#8221; button_font=&#8221;Titillium Web||||||||&#8221; transform_translate=&#8221;0px|79px&#8221; transform_translate_linked=&#8221;off&#8221; custom_margin=&#8221;-250px|0px||55px|false|false&#8221; global_colors_info=&#8221;{}&#8221;][\/et_pb_button][\/et_pb_column][et_pb_column type=&#8221;1_3&#8243; _builder_version=&#8221;4.16&#8243; global_colors_info=&#8221;{}&#8221;][et_pb_text _builder_version=&#8221;4.16&#8243; text_font=&#8221;Titillium Web||||||||&#8221; header_font=&#8221;Titillium Web||||||||&#8221; header_text_align=&#8221;center&#8221; header_2_font=&#8221;Titillium Web||||||||&#8221; header_2_text_align=&#8221;center&#8221; header_2_text_color=&#8221;#ffffff&#8221; header_2_font_size=&#8221;28px&#8221; header_6_font=&#8221;Titillium Web||||||||&#8221; header_6_text_align=&#8221;center&#8221; header_6_text_color=&#8221;#ffffff&#8221; header_6_font_size=&#8221;12px&#8221; background_color=&#8221;#907f77&#8243; background_image=&#8221;https:\/\/www.k-1.bz\/wp-content\/uploads\/2021\/06\/HOME_5_K1Restaurant_Pizzeria_Apre\u0301sSki_Nightlife-1.jpg&#8221; background_blend=&#8221;multiply&#8221; min_height=&#8221;410px&#8221; global_colors_info=&#8221;{}&#8221;]<\/p>\n<p>&nbsp;<\/p>\n<p>&nbsp;<\/p>\n<h2>APR\u00c9S SKI &amp;<br \/> NIGHTLIFE<\/h2>\n<p>&nbsp;<\/p>\n<h6>HOTTEST PLACE<br \/> IN TOWN<\/h6>\n<p>[\/et_pb_text][et_pb_button button_url=&#8221;https:\/\/www.k-1.bz\/it\/apres-ski-sudtirol\/&#8221; button_text=&#8221;Ulteriori Informazioni&#8221; button_alignment=&#8221;center&#8221; _builder_version=&#8221;4.16&#8243; custom_button=&#8221;on&#8221; button_text_size=&#8221;14px&#8221; button_text_color=&#8221;#ffffff&#8221; button_border_radius=&#8221;4px&#8221; button_letter_spacing=&#8221;1px&#8221; button_font=&#8221;Titillium Web||||||||&#8221; transform_translate=&#8221;0px|79px&#8221; transform_translate_linked=&#8221;off&#8221; custom_margin=&#8221;-250px|0px||55px|false|false&#8221; global_colors_info=&#8221;{}&#8221;][\/et_pb_button][\/et_pb_column][\/et_pb_row][\/et_pb_section][et_pb_section fb_built=&#8221;1&#8243; _builder_version=&#8221;4.16&#8243; global_colors_info=&#8221;{}&#8221;][et_pb_row _builder_version=&#8221;4.16&#8243; background_size=&#8221;initial&#8221; background_position=&#8221;top_left&#8221; background_repeat=&#8221;repeat&#8221; global_colors_info=&#8221;{}&#8221;][et_pb_column type=&#8221;4_4&#8243; _builder_version=&#8221;4.16&#8243; custom_padding=&#8221;|||&#8221; global_colors_info=&#8221;{}&#8221; custom_padding__hover=&#8221;|||&#8221;][et_pb_code _builder_version=&#8221;4.19.0&#8243; _module_preset=&#8221;default&#8221; global_colors_info=&#8221;{}&#8221;]<\/p>\n<div id=\"curator-feed-k1-reischach-layout\"><a href=\"https:\/\/curator.io\" target=\"_blank\" class=\"crt-logo crt-tag\" rel=\"noopener\">Powered by Curator.io<\/a><\/div>\n<p><!-- [et_pb_line_break_holder] --><!-- [et_pb_line_break_holder] --><script type=\"text\/javascript\"><!-- [et_pb_line_break_holder] -->(function(){<!-- [et_pb_line_break_holder] -->var i,e,d=document,s=\"script\";i=d.createElement(\"script\");i.async=1;i.charset=\"UTF-8\";<!-- [et_pb_line_break_holder] -->i.src=\"https:\/\/cdn.curator.io\/published\/1600be38-4e01-4c92-8ccf-c12bdc55aa60.js\";<!-- [et_pb_line_break_holder] -->e=d.getElementsByTagName(s)[0];e.parentNode.insertBefore(i, e);<!-- [et_pb_line_break_holder] -->})();<!-- [et_pb_line_break_holder] --><\/script><!-- [et_pb_line_break_holder] -->[\/et_pb_code][\/et_pb_column][\/et_pb_row][\/et_pb_section]<\/p>\n","protected":false},"excerpt":{"rendered":"<p>RISTORANTE &amp; PIZZERIA APR\u00c9S SKI &amp; NIGHTLIFEBENVENUTI AL K1 IL LOCALE N.1 DEL PLAN DE CORONES K1 si trova proprio accanto alla stazione a valle della funivia Plan de Corones a Riscone, vicino a Brunico. \u00c8 il pi\u00f9 grande apr\u00e8s-ski dell\u2019Alto Adige, ma non solo. K1 \u00e8 anche una location per feste e party, e [&hellip;]<\/p>\n","protected":false},"author":1,"featured_media":0,"parent":0,"menu_order":0,"comment_status":"closed","ping_status":"closed","template":"","meta":{"_et_pb_use_builder":"on","_et_pb_old_content":"","_et_gb_content_width":"","footnotes":""},"class_list":["post-8746","page","type-page","status-publish","hentry"],"yoast_head":"<!-- This site is optimized with the Yoast SEO plugin v23.4 - https:\/\/yoast.com\/wordpress\/plugins\/seo\/ -->\n<title>Home - K1<\/title>\n<meta name=\"robots\" content=\"index, follow, max-snippet:-1, max-image-preview:large, max-video-preview:-1\" \/>\n<link rel=\"canonical\" href=\"https:\/\/k-1.bz\/it\/\" \/>\n<meta property=\"og:locale\" content=\"it_IT\" \/>\n<meta property=\"og:type\" content=\"article\" \/>\n<meta property=\"og:title\" content=\"Home - K1\" \/>\n<meta property=\"og:description\" content=\"RISTORANTE &amp; PIZZERIA APR\u00c9S SKI &amp; NIGHTLIFEBENVENUTI AL K1 IL LOCALE N.1 DEL PLAN DE CORONES K1 si trova proprio accanto alla stazione a valle della funivia Plan de Corones a Riscone, vicino a Brunico. \u00c8 il pi\u00f9 grande apr\u00e8s-ski dell\u2019Alto Adige, ma non solo. K1 \u00e8 anche una location per feste e party, e [&hellip;]\" \/>\n<meta property=\"og:url\" content=\"https:\/\/k-1.bz\/it\/\" \/>\n<meta property=\"og:site_name\" content=\"K1\" \/>\n<meta property=\"article:modified_time\" content=\"2026-01-06T07:57:31+00:00\" \/>\n<meta name=\"twitter:card\" content=\"summary_large_image\" \/>\n<meta name=\"twitter:label1\" content=\"Tempo di lettura stimato\" \/>\n\t<meta name=\"twitter:data1\" content=\"3 minuti\" \/>\n<script type=\"application\/ld+json\" class=\"yoast-schema-graph\">{\"@context\":\"https:\/\/schema.org\",\"@graph\":[{\"@type\":\"WebPage\",\"@id\":\"https:\/\/k-1.bz\/it\/\",\"url\":\"https:\/\/k-1.bz\/it\/\",\"name\":\"Home - K1\",\"isPartOf\":{\"@id\":\"https:\/\/k-1.bz\/#website\"},\"datePublished\":\"2021-10-26T17:30:03+00:00\",\"dateModified\":\"2026-01-06T07:57:31+00:00\",\"breadcrumb\":{\"@id\":\"https:\/\/k-1.bz\/it\/#breadcrumb\"},\"inLanguage\":\"it-IT\",\"potentialAction\":[{\"@type\":\"ReadAction\",\"target\":[\"https:\/\/k-1.bz\/it\/\"]}]},{\"@type\":\"BreadcrumbList\",\"@id\":\"https:\/\/k-1.bz\/it\/#breadcrumb\",\"itemListElement\":[{\"@type\":\"ListItem\",\"position\":1,\"name\":\"Startseite\",\"item\":\"https:\/\/k-1.bz\/it\/\"},{\"@type\":\"ListItem\",\"position\":2,\"name\":\"Home\"}]},{\"@type\":\"WebSite\",\"@id\":\"https:\/\/k-1.bz\/#website\",\"url\":\"https:\/\/k-1.bz\/\",\"name\":\"K1\",\"description\":\"Apres Ski &amp; Restaurant am Kronplatz\",\"potentialAction\":[{\"@type\":\"SearchAction\",\"target\":{\"@type\":\"EntryPoint\",\"urlTemplate\":\"https:\/\/k-1.bz\/?s={search_term_string}\"},\"query-input\":{\"@type\":\"PropertyValueSpecification\",\"valueRequired\":true,\"valueName\":\"search_term_string\"}}],\"inLanguage\":\"it-IT\"}]}<\/script>\n<!-- \/ Yoast SEO plugin. -->","yoast_head_json":{"title":"Home - K1","robots":{"index":"index","follow":"follow","max-snippet":"max-snippet:-1","max-image-preview":"max-image-preview:large","max-video-preview":"max-video-preview:-1"},"canonical":"https:\/\/k-1.bz\/it\/","og_locale":"it_IT","og_type":"article","og_title":"Home - K1","og_description":"RISTORANTE &amp; PIZZERIA APR\u00c9S SKI &amp; NIGHTLIFEBENVENUTI AL K1 IL LOCALE N.1 DEL PLAN DE CORONES K1 si trova proprio accanto alla stazione a valle della funivia Plan de Corones a Riscone, vicino a Brunico. \u00c8 il pi\u00f9 grande apr\u00e8s-ski dell\u2019Alto Adige, ma non solo. K1 \u00e8 anche una location per feste e party, e [&hellip;]","og_url":"https:\/\/k-1.bz\/it\/","og_site_name":"K1","article_modified_time":"2026-01-06T07:57:31+00:00","twitter_card":"summary_large_image","twitter_misc":{"Tempo di lettura stimato":"3 minuti"},"schema":{"@context":"https:\/\/schema.org","@graph":[{"@type":"WebPage","@id":"https:\/\/k-1.bz\/it\/","url":"https:\/\/k-1.bz\/it\/","name":"Home - K1","isPartOf":{"@id":"https:\/\/k-1.bz\/#website"},"datePublished":"2021-10-26T17:30:03+00:00","dateModified":"2026-01-06T07:57:31+00:00","breadcrumb":{"@id":"https:\/\/k-1.bz\/it\/#breadcrumb"},"inLanguage":"it-IT","potentialAction":[{"@type":"ReadAction","target":["https:\/\/k-1.bz\/it\/"]}]},{"@type":"BreadcrumbList","@id":"https:\/\/k-1.bz\/it\/#breadcrumb","itemListElement":[{"@type":"ListItem","position":1,"name":"Startseite","item":"https:\/\/k-1.bz\/it\/"},{"@type":"ListItem","position":2,"name":"Home"}]},{"@type":"WebSite","@id":"https:\/\/k-1.bz\/#website","url":"https:\/\/k-1.bz\/","name":"K1","description":"Apres Ski &amp; Restaurant am Kronplatz","potentialAction":[{"@type":"SearchAction","target":{"@type":"EntryPoint","urlTemplate":"https:\/\/k-1.bz\/?s={search_term_string}"},"query-input":{"@type":"PropertyValueSpecification","valueRequired":true,"valueName":"search_term_string"}}],"inLanguage":"it-IT"}]}},"_links":{"self":[{"href":"https:\/\/k-1.bz\/it\/wp-json\/wp\/v2\/pages\/8746"}],"collection":[{"href":"https:\/\/k-1.bz\/it\/wp-json\/wp\/v2\/pages"}],"about":[{"href":"https:\/\/k-1.bz\/it\/wp-json\/wp\/v2\/types\/page"}],"author":[{"embeddable":true,"href":"https:\/\/k-1.bz\/it\/wp-json\/wp\/v2\/users\/1"}],"replies":[{"embeddable":true,"href":"https:\/\/k-1.bz\/it\/wp-json\/wp\/v2\/comments?post=8746"}],"version-history":[{"count":64,"href":"https:\/\/k-1.bz\/it\/wp-json\/wp\/v2\/pages\/8746\/revisions"}],"predecessor-version":[{"id":10559,"href":"https:\/\/k-1.bz\/it\/wp-json\/wp\/v2\/pages\/8746\/revisions\/10559"}],"wp:attachment":[{"href":"https:\/\/k-1.bz\/it\/wp-json\/wp\/v2\/media?parent=8746"}],"curies":[{"name":"wp","href":"https:\/\/api.w.org\/{rel}","templated":true}]}}